{"id":10552,"date":"2023-06-07T03:19:28","date_gmt":"2023-06-07T10:19:28","guid":{"rendered":"https:\/\/beacheden.com\/shop\/uncategorized\/round-ladies-outdoor-sunglasses\/"},"modified":"2023-06-07T03:25:40","modified_gmt":"2023-06-07T10:25:40","slug":"lunettes-de-soleil-rondes-pour-femmes","status":"publish","type":"product","link":"https:\/\/beacheden.com\/fr\/lunettes-de-soleil-rondes-pour-femmes\/","title":{"rendered":"Lunettes de soleil rondes pour femmes"},"content":{"rendered":"<p>\n Structure des lunettes : monture<br \/>\n <br \/>\n Qu'il s'agisse de lumi\u00e8re polaris\u00e9e : Non<br \/>\n <br \/>\n Mat\u00e9riau de l'objectif : PC<br \/>\n <br \/>\n Style : Exquis<br \/>\n <br \/>\n Mat\u00e9riau du cadre : plastique + m\u00e9tal\n<\/p>\n<p>\n <img decoding=\"async\" src=\"https:\/\/cc-west-usa.oss-accelerate.aliyuncs.com\/7219cc95-ba40-40e6-a92f-a76bb928f1eb.jpg\" style=\"max-width:100%\" alt=\"\"><br \/>\n <img decoding=\"async\" src=\"https:\/\/cc-west-usa.oss-accelerate.aliyuncs.com\/d8fbcd2e-32dd-4605-bb4e-098d0960bc16.jpg\" style=\"font-size: 14px;max-width: 100%\" alt=\"\"><br \/>\n <img decoding=\"async\" src=\"https:\/\/cc-west-usa.oss-accelerate.aliyuncs.com\/84e4a455-7fb6-4593-83d5-9996b6c955ba.jpg\" style=\"font-size: 14px;max-width: 100%\" alt=\"\"><br \/>\n <img decoding=\"async\" src=\"https:\/\/cc-west-usa.oss-accelerate.aliyuncs.com\/a4a9ba31-0cf8-4b8e-9366-263deb85901b.jpg\" style=\"font-size: 14px;max-width: 100%\" alt=\"\"><br \/>\n <img decoding=\"async\" src=\"https:\/\/cc-west-usa.oss-accelerate.aliyuncs.com\/58e9e605-94e3-41e4-807b-ff927b5cb5a4.jpg\" style=\"font-size: 14px;max-width: 100%\" alt=\"\"><br \/>\n <img decoding=\"async\" src=\"https:\/\/cc-west-usa.oss-accelerate.aliyuncs.com\/31144c9e-d1c6-45bf-9ea2-10b9203b5700.jpg\" style=\"font-size: 14px;max-width: 100%\" alt=\"\"><br \/>\n <img decoding=\"async\" src=\"https:\/\/cc-west-usa.oss-accelerate.aliyuncs.com\/efc26d7c-b02d-498e-9ecd-d48a5b2a0ac3.jpg\" style=\"font-size: 14px;max-width: 100%\" alt=\"\"><br \/>\n <\/p>","protected":false},"excerpt":{"rendered":"<p>Structure des lunettes : monture Si la lumi\u00e8re est polaris\u00e9e : Non Mat\u00e9riau de l'oculaire : PC Style : Exquisite Mat\u00e9riau de la monture : plastique + m\u00e9tal<\/p>","protected":false},"featured_media":10542,"comment_status":"open","ping_status":"closed","template":"","meta":[],"product_brand":[],"product_cat":[45],"product_tag":[],"class_list":{"0":"post-10552","1":"product","2":"type-product","3":"status-publish","4":"has-post-thumbnail","6":"product_cat-sunglasses","8":"first","9":"instock","10":"taxable","11":"shipping-taxable","12":"purchasable","13":"product-type-variable"},"_links":{"self":[{"href":"https:\/\/beacheden.com\/fr\/wp-json\/wp\/v2\/product\/10552","targetHints":{"allow":["GET"]}}],"collection":[{"href":"https:\/\/beacheden.com\/fr\/wp-json\/wp\/v2\/product"}],"about":[{"href":"https:\/\/beacheden.com\/fr\/wp-json\/wp\/v2\/types\/product"}],"replies":[{"embeddable":true,"href":"https:\/\/beacheden.com\/fr\/wp-json\/wp\/v2\/comments?post=10552"}],"wp:featuredmedia":[{"embeddable":true,"href":"https:\/\/beacheden.com\/fr\/wp-json\/wp\/v2\/media\/10542"}],"wp:attachment":[{"href":"https:\/\/beacheden.com\/fr\/wp-json\/wp\/v2\/media?parent=10552"}],"wp:term":[{"taxonomy":"product_brand","embeddable":true,"href":"https:\/\/beacheden.com\/fr\/wp-json\/wp\/v2\/product_brand?post=10552"},{"taxonomy":"product_cat","embeddable":true,"href":"https:\/\/beacheden.com\/fr\/wp-json\/wp\/v2\/product_cat?post=10552"},{"taxonomy":"product_tag","embeddable":true,"href":"https:\/\/beacheden.com\/fr\/wp-json\/wp\/v2\/product_tag?post=10552"}],"curies":[{"name":"wp","href":"https:\/\/api.w.org\/{rel}","templated":true}]}}