{"id":10533,"date":"2023-06-07T03:15:10","date_gmt":"2023-06-07T10:15:10","guid":{"rendered":"https:\/\/beacheden.com\/shop\/uncategorized\/fashion-butterfly-rimless-sunglasses-for-women\/"},"modified":"2023-06-07T03:25:49","modified_gmt":"2023-06-07T10:25:49","slug":"lunettes-de-soleil-papillon-sans-monture-pour-femmes","status":"publish","type":"product","link":"https:\/\/beacheden.com\/fr\/lunettes-de-soleil-papillon-sans-monture-pour-femmes\/","title":{"rendered":"Lunettes de soleil \u00e0 monture papillon pour femmes"},"content":{"rendered":"<p>\n <b>Informations sur le produit :<\/b><br \/>\n <br \/>\n Mat\u00e9riau :PC + alliage<br \/>\n <br \/>\n Couleur : noir, orange, or, bleu, violet, bleu ciel, rouge, gris<br \/>\n <br \/>\n Cat\u00e9gorie : Lunettes<br \/>\n <br \/>\n Applicable \u00e0 : Dames<\/p>\n<p> <b>Informations sur la taille :<\/b><br \/>\n <br \/>\n <img decoding=\"async\" src=\"https:\/\/cc-west-usa.oss-accelerate.aliyuncs.com\/1613bac2-90c6-4a4d-bc78-c8b663ca2b65.png\" style=\"max-width:100%\" alt=\"\"><\/p>\n<p> <b>Liste d'emballage :<\/b><br \/>\n <br \/>\n Lunettes *1\n<\/p>\n<p>\n \n<\/p>\n<p>\n \n<\/p>\n<p>\n <img decoding=\"async\" src=\"https:\/\/cc-west-usa.oss-accelerate.aliyuncs.com\/ee8b51bf-4941-4322-b5c7-7d41ff7944eb.jpg\" style=\"max-width:100%\" alt=\"\"><br \/>\n <img decoding=\"async\" src=\"https:\/\/cc-west-usa.oss-accelerate.aliyuncs.com\/2713c18f-0433-44d5-8acf-b903c13f36da.jpg\" style=\"max-width: 100%\" alt=\"\"><br \/>\n <img decoding=\"async\" src=\"https:\/\/cc-west-usa.oss-accelerate.aliyuncs.com\/3df5a868-b153-4395-bfa4-9557fc474477.jpg\" style=\"max-width: 100%\" alt=\"\"><br \/>\n <img decoding=\"async\" src=\"https:\/\/cc-west-usa.oss-accelerate.aliyuncs.com\/46dac9f8-9686-4f11-8e83-e9235caba64e.jpg\" style=\"max-width: 100%\" alt=\"\"><br \/>\n <img decoding=\"async\" src=\"https:\/\/cc-west-usa.oss-accelerate.aliyuncs.com\/c591e395-c944-4171-bc76-2985eb4771b3.jpg\" style=\"max-width: 100%\" alt=\"\"><br \/>\n <\/p>","protected":false},"excerpt":{"rendered":"<p>Informations sur le produit : Mat\u00e9riau :PC + alliage Couleur : noir, orange, or, bleu, violet, bleu ciel, rouge, gris Cat\u00e9gorie : Lunettes Applicable \u00e0 : Dames Information sur la taille : Liste d'emballage : Lunettes *1<\/p>","protected":false},"featured_media":10528,"comment_status":"open","ping_status":"closed","template":"","meta":[],"product_brand":[],"product_cat":[45],"product_tag":[],"class_list":{"0":"post-10533","1":"product","2":"type-product","3":"status-publish","4":"has-post-thumbnail","6":"product_cat-sunglasses","8":"first","9":"instock","10":"taxable","11":"shipping-taxable","12":"purchasable","13":"product-type-variable"},"_links":{"self":[{"href":"https:\/\/beacheden.com\/fr\/wp-json\/wp\/v2\/product\/10533","targetHints":{"allow":["GET"]}}],"collection":[{"href":"https:\/\/beacheden.com\/fr\/wp-json\/wp\/v2\/product"}],"about":[{"href":"https:\/\/beacheden.com\/fr\/wp-json\/wp\/v2\/types\/product"}],"replies":[{"embeddable":true,"href":"https:\/\/beacheden.com\/fr\/wp-json\/wp\/v2\/comments?post=10533"}],"wp:featuredmedia":[{"embeddable":true,"href":"https:\/\/beacheden.com\/fr\/wp-json\/wp\/v2\/media\/10528"}],"wp:attachment":[{"href":"https:\/\/beacheden.com\/fr\/wp-json\/wp\/v2\/media?parent=10533"}],"wp:term":[{"taxonomy":"product_brand","embeddable":true,"href":"https:\/\/beacheden.com\/fr\/wp-json\/wp\/v2\/product_brand?post=10533"},{"taxonomy":"product_cat","embeddable":true,"href":"https:\/\/beacheden.com\/fr\/wp-json\/wp\/v2\/product_cat?post=10533"},{"taxonomy":"product_tag","embeddable":true,"href":"https:\/\/beacheden.com\/fr\/wp-json\/wp\/v2\/product_tag?post=10533"}],"curies":[{"name":"wp","href":"https:\/\/api.w.org\/{rel}","templated":true}]}}