{"id":10517,"date":"2023-06-07T03:12:54","date_gmt":"2023-06-07T10:12:54","guid":{"rendered":"https:\/\/beacheden.com\/shop\/uncategorized\/womens-fashion-large-square-rimless-sunglasses\/"},"modified":"2025-09-23T12:23:54","modified_gmt":"2025-09-23T19:23:54","slug":"lunettes-de-soleil-feminines-sans-monture-larges-et-carrees","status":"publish","type":"product","link":"https:\/\/beacheden.com\/fr\/lunettes-de-soleil-feminines-sans-monture-larges-et-carrees\/","title":{"rendered":"Lunettes de soleil Fashion Large Square Rimless pour femmes"},"content":{"rendered":"<p>\n <b>Informations sur le produit :<\/b><br \/>\n <br \/>\n Sc\u00e9narios d'application : protection solaire, voyages, sports de plein air, v\u00eatements de mode, conduite.<br \/>\n <br \/>\n Couleur : monture noire, lentille noire et grise, monture blanche d\u00e9grad\u00e9e grise, monture rouge d\u00e9grad\u00e9e grise, monture verte d\u00e9grad\u00e9e grise<br \/>\n <br \/>\n Longueur totale du miroir : 140 mm<br \/>\n <br \/>\n Largeur de l'objectif : 63 mm<br \/>\n <br \/>\n Hauteur du cadre : 58 mm<br \/>\n <br \/>\n Espacement des nez : 15 mm<br \/>\n <br \/>\n Longueur de la jambe : 147 mm\n<\/p>\n<p>\n Mat\u00e9riau de l'objectif : AC<br \/>\n <br \/>\n Mat\u00e9riau du cadre : PC\n<\/p>\n<p><b>Liste d'emballage : <\/b><br \/>\n<br \/>\nLunettes de soleil*1&nbsp;&nbsp;<\/p>\n<p>\n \n<\/p>\n<p>\n \n<\/p>\n<p><b>Image du produit :<\/b><br \/>\n<br \/>\n<img decoding=\"async\" src=\"https:\/\/cc-west-usa.oss-accelerate.aliyuncs.com\/94e62937-97b4-4014-bc20-926f15a8c638.jpg\" alt=\"\"><br \/>\n<img decoding=\"async\" src=\"https:\/\/cc-west-usa.oss-accelerate.aliyuncs.com\/35d091d1-f86a-4e5a-aef2-2a24e9d632c0.jpg\" alt=\"\"><br \/>\n<img decoding=\"async\" src=\"https:\/\/cc-west-usa.oss-accelerate.aliyuncs.com\/8103f339-4573-43ba-a312-ad141ba695dc.jpg\" alt=\"\"><br \/>\n<img decoding=\"async\" src=\"https:\/\/cc-west-usa.oss-accelerate.aliyuncs.com\/0e863a70-0884-4973-8826-43be3c6f1da8.jpg\" alt=\"\"><br \/>\n<img decoding=\"async\" src=\"https:\/\/cc-west-usa.oss-accelerate.aliyuncs.com\/df2fde79-0524-45df-b90c-261ba4143b81.jpg\" alt=\"\"><br \/>\n<img decoding=\"async\" src=\"https:\/\/cc-west-usa.oss-accelerate.aliyuncs.com\/8c928b09-02e3-4c52-9bbe-25eb5ca85ee4.jpg\" alt=\"\"><br \/>\n<img decoding=\"async\" src=\"https:\/\/cc-west-usa.oss-accelerate.aliyuncs.com\/a3cc8124-de7b-4996-bbb1-626de6341aa2.jpg\" alt=\"\"><\/p>","protected":false},"excerpt":{"rendered":"<p>Informations sur le produit : Sc\u00e9narios applicables : protection solaire, voyage, sports de plein air, v\u00eatements de mode, conduite Couleur : monture noire, lentilles noires et grises, monture blanche gris d\u00e9grad\u00e9, monture rouge gris d\u00e9grad\u00e9, monture verte gris d\u00e9grad\u00e9 Longueur totale du miroir:140mm Largeur de la lentille:63mm Hauteur de la monture:58mm Espacement du nez:15mm Longueur de la jambe:147mm Mat\u00e9riau de la lentille : Mat\u00e9riau de l'oculaire : AC Mat\u00e9riau de la monture : PC PC Liste d'emballage : Lunettes de soleil*1 Image du produit :<\/p>","protected":false},"featured_media":10507,"comment_status":"open","ping_status":"closed","template":"","meta":[],"product_brand":[],"product_cat":[45],"product_tag":[],"class_list":{"0":"post-10517","1":"product","2":"type-product","3":"status-publish","4":"has-post-thumbnail","6":"product_cat-sunglasses","8":"first","9":"instock","10":"taxable","11":"shipping-taxable","12":"purchasable","13":"product-type-variable"},"_links":{"self":[{"href":"https:\/\/beacheden.com\/fr\/wp-json\/wp\/v2\/product\/10517","targetHints":{"allow":["GET"]}}],"collection":[{"href":"https:\/\/beacheden.com\/fr\/wp-json\/wp\/v2\/product"}],"about":[{"href":"https:\/\/beacheden.com\/fr\/wp-json\/wp\/v2\/types\/product"}],"replies":[{"embeddable":true,"href":"https:\/\/beacheden.com\/fr\/wp-json\/wp\/v2\/comments?post=10517"}],"wp:featuredmedia":[{"embeddable":true,"href":"https:\/\/beacheden.com\/fr\/wp-json\/wp\/v2\/media\/10507"}],"wp:attachment":[{"href":"https:\/\/beacheden.com\/fr\/wp-json\/wp\/v2\/media?parent=10517"}],"wp:term":[{"taxonomy":"product_brand","embeddable":true,"href":"https:\/\/beacheden.com\/fr\/wp-json\/wp\/v2\/product_brand?post=10517"},{"taxonomy":"product_cat","embeddable":true,"href":"https:\/\/beacheden.com\/fr\/wp-json\/wp\/v2\/product_cat?post=10517"},{"taxonomy":"product_tag","embeddable":true,"href":"https:\/\/beacheden.com\/fr\/wp-json\/wp\/v2\/product_tag?post=10517"}],"curies":[{"name":"wp","href":"https:\/\/api.w.org\/{rel}","templated":true}]}}