{"id":10492,"date":"2023-06-07T03:04:12","date_gmt":"2023-06-07T10:04:12","guid":{"rendered":"https:\/\/beacheden.com\/shop\/uncategorized\/eva-portable-waterproof-beach-tote-bag-big-handbag-for-the-beach-sports-travel-bags\/"},"modified":"2023-06-07T03:38:37","modified_gmt":"2023-06-07T10:38:37","slug":"eva-portable-waterproof-beach-tote-bag-big-handbag-for-the-beach-sports-travel-bags","status":"publish","type":"product","link":"https:\/\/beacheden.com\/fr\/eva-portable-waterproof-beach-tote-bag-big-handbag-for-the-beach-sports-travel-bags\/","title":{"rendered":"EVA Portable Waterproof Beach Tote Bag Big Handbag For The Beach Sports Travel Bags"},"content":{"rendered":"<p>\n <b>Vue d'ensemble :<\/b><br \/>\n <br \/>\n Avec la popularisation des smartphones et des tablettes, les divers c\u00e2bles de donn\u00e9es, les \u00e9couteurs, etc. sont devenus la principale raison du d\u00e9sordre dans le sac ; lorsque vous sortez, vous apportez de nombreuses choses insignifiantes, telles que des cl\u00e9s, des cartes bancaires et des cartes de contr\u00f4le d'acc\u00e8s, \u00e9parpill\u00e9es au hasard dans le sac. Il ne s'agit pas seulement d'un d\u00e9sordre et d'une difficult\u00e9 \u00e0 trouver les objets dans les moments critiques ; vous emporterez \u00e9galement toute une s\u00e9rie de produits de toilette, de produits cosm\u00e9tiques et de v\u00eatements au cours de votre voyage. Une fois que vous ne les aurez pas rang\u00e9s, l'ouverture de la bo\u00eete pour vous accueillir risque d'\u00eatre un v\u00e9ritable g\u00e2chis. Face \u00e0 ces probl\u00e8mes, la meilleure solution consiste \u00e0 pr\u00e9parer des sacs de rangement adapt\u00e9s.<\/p>\n<p>\n <b>Informations sur le produit :<\/b><br \/>\n <br \/>\n Mat\u00e9riau : EVA<br \/>\n <br \/>\n Champ d'application : chaussures, sous-v\u00eatements, CD, magazines, serviettes hygi\u00e9niques, cosm\u00e9tiques, soutiens-gorge, livres, m\u00e9dicaments, couettes, articles divers, v\u00eatements, articles de toilette, linge sale, chaussures et bottes, bonbons.<br \/>\n <br \/>\n Couleur : rouge, vert, bleu, orange, rose, bleu ciel<\/p>\n<p>\n <b>Informations sur la taille :<\/b><br \/>\n <br \/>\n M : 38 x 34 x 14CM<br \/>\n <br \/>\n L : 48 x 34 x 25CM<\/p>\n<p>\n <b>Contenu de l'emballage :<\/b><br \/>\n <br \/>\n Sac x 1\n<\/p>\n<p>\n \n<\/p>\n<p>\n <img decoding=\"async\" src=\"https:\/\/cc-west-usa.oss-accelerate.aliyuncs.com\/384a6563-40f3-4ea4-9bf7-651b5848d14b.jpg\" style=\"max-width: 100%\" alt=\"\"><br \/>\n <img decoding=\"async\" src=\"https:\/\/cc-west-usa.oss-accelerate.aliyuncs.com\/cf637e4b-0180-4534-9dfe-1600e53deeec.jpg\" style=\"max-width: 100%\" alt=\"\"><br \/>\n <img decoding=\"async\" src=\"https:\/\/cc-west-usa.oss-accelerate.aliyuncs.com\/2dbc4a25-5303-476e-9b21-2f0c58988c37.png\" style=\"max-width: 100%\" alt=\"\"><br \/>\n <img decoding=\"async\" src=\"https:\/\/cc-west-usa.oss-accelerate.aliyuncs.com\/c260640e-8840-4dad-999f-9d123f14960e.jpg\" style=\"max-width: 100%\" alt=\"\"><br \/>\n <img decoding=\"async\" src=\"https:\/\/cc-west-usa.oss-accelerate.aliyuncs.com\/27d9d09b-a6ce-468a-bf8e-2438dfe78ed1.jpg\" style=\"max-width: 100%\" alt=\"\"><br \/>\n <img decoding=\"async\" src=\"https:\/\/cc-west-usa.oss-accelerate.aliyuncs.com\/610bac6d-310d-4194-adfd-d8d6f09dd1c5.jpg\" style=\"max-width: 100%\" alt=\"\"><br \/>\n <img decoding=\"async\" src=\"https:\/\/cc-west-usa.oss-accelerate.aliyuncs.com\/d52b7a90-79f2-42b6-87d1-f76a56f8b90c.png\" style=\"max-width: 100%\" alt=\"\"><br \/>\n <img decoding=\"async\" src=\"https:\/\/cc-west-usa.oss-accelerate.aliyuncs.com\/fba7e888-2590-4d90-8af1-8fbb9fe4b235.jpg\" style=\"max-width: 100%\" alt=\"\"><br \/>\n <img decoding=\"async\" src=\"https:\/\/cc-west-usa.oss-accelerate.aliyuncs.com\/30ba5400-096f-4fd3-95ea-0dd53eaf66a3.jpg\" style=\"max-width: 100%\" alt=\"\"><br \/>\n <img decoding=\"async\" src=\"https:\/\/cc-west-usa.oss-accelerate.aliyuncs.com\/7cfbfd34-448b-4310-b8a6-dbbfb7fe2d0b.jpg\" style=\"max-width: 100%\" alt=\"\"><br \/>\n <img decoding=\"async\" src=\"https:\/\/cc-west-usa.oss-accelerate.aliyuncs.com\/6abf1278-0431-4432-8096-948a15fecd02.jpg\" style=\"max-width: 100%\" alt=\"\"><br \/>\n <\/p>","protected":false},"excerpt":{"rendered":"<p>Overview: With the popularization of smartphones or tablets, various data cables, earphones, etc. have become the primary reason for the mess in the bag; when you go out, you will bring many trivial things, such as keys, bank cards, and access control cards, scattered randomly in the bag. It is not only messy and difficult [&#8230;]\n","protected":false},"featured_media":10482,"comment_status":"open","ping_status":"closed","template":"","meta":[],"product_brand":[],"product_cat":[44],"product_tag":[],"class_list":{"0":"post-10492","1":"product","2":"type-product","3":"status-publish","4":"has-post-thumbnail","6":"product_cat-bags","8":"first","9":"instock","10":"sale","11":"taxable","12":"shipping-taxable","13":"purchasable","14":"product-type-variable"},"_links":{"self":[{"href":"https:\/\/beacheden.com\/fr\/wp-json\/wp\/v2\/product\/10492","targetHints":{"allow":["GET"]}}],"collection":[{"href":"https:\/\/beacheden.com\/fr\/wp-json\/wp\/v2\/product"}],"about":[{"href":"https:\/\/beacheden.com\/fr\/wp-json\/wp\/v2\/types\/product"}],"replies":[{"embeddable":true,"href":"https:\/\/beacheden.com\/fr\/wp-json\/wp\/v2\/comments?post=10492"}],"wp:featuredmedia":[{"embeddable":true,"href":"https:\/\/beacheden.com\/fr\/wp-json\/wp\/v2\/media\/10482"}],"wp:attachment":[{"href":"https:\/\/beacheden.com\/fr\/wp-json\/wp\/v2\/media?parent=10492"}],"wp:term":[{"taxonomy":"product_brand","embeddable":true,"href":"https:\/\/beacheden.com\/fr\/wp-json\/wp\/v2\/product_brand?post=10492"},{"taxonomy":"product_cat","embeddable":true,"href":"https:\/\/beacheden.com\/fr\/wp-json\/wp\/v2\/product_cat?post=10492"},{"taxonomy":"product_tag","embeddable":true,"href":"https:\/\/beacheden.com\/fr\/wp-json\/wp\/v2\/product_tag?post=10492"}],"curies":[{"name":"wp","href":"https:\/\/api.w.org\/{rel}","templated":true}]}}