{"id":10471,"date":"2023-06-07T02:55:46","date_gmt":"2023-06-07T09:55:46","guid":{"rendered":"https:\/\/beacheden.com\/shop\/uncategorized\/shopping-candy-handbag\/"},"modified":"2025-11-24T05:59:31","modified_gmt":"2025-11-24T13:59:31","slug":"sac-a-main-shopping-candy","status":"publish","type":"product","link":"https:\/\/beacheden.com\/fr\/sac-a-main-shopping-candy\/","title":{"rendered":"Sac \u00e0 main Shopping Candy"},"content":{"rendered":"<p>\n <b>Informations sur le produit :<\/b><br \/>\n \n<\/p>\n<p>\n Sexe applicable : f\u00e9minin<br \/>\n <br \/>\n Mat\u00e9riau : PU<br \/>\n <br \/>\n motif : uni<br \/>\n <br \/>\n Style : style cool<br \/>\n <br \/>\n M\u00e9thode d'ouverture : fermeture \u00e0 glissi\u00e8re<br \/>\n <br \/>\n <a href=\"https:\/\/beacheden.com\/fr\/sac-de-plage-ocean-world\/?wmc-currency=EUR\" title=\"Sac de plage Ocean World\" target=\"_blank\" rel=\"noopener\"  data-wpil-monitor-id=\"216\">Structure interne du sac<\/a>pochette \u00e0 fermeture \u00e9clair<br \/>\n <br \/>\n Texture de la doublure : PU<br \/>\n <br \/>\n Duret\u00e9 : moyenne \u00e0 dure<br \/>\n <br \/>\n Couleur : noir, rouge, rose, jaune terreux, vert menthe, rouge rose<br \/>\n <br \/>\n Type de sac ext\u00e9rieur : poche int\u00e9rieure plaqu\u00e9e<br \/>\n <br \/>\n Pi\u00e8ces de transport : poign\u00e9e de chargement et de d\u00e9chargement\n<\/p>\n<p>\n <b>Informations sur la taille :&nbsp;<\/b>\n<\/p>\n<p>\n <span style=\"font-size: 1em\">11*40*30cm<\/span>\n<\/p>\n<p>\n <b>Liste d'emballage :<\/b>\n<\/p>\n<p>sac \u00e0 main*1<\/p>\n<p style=\"text-align:center\">\n <img decoding=\"async\" src=\"https:\/\/cc-west-usa.oss-accelerate.aliyuncs.com\/e9f2f772-b8a2-4ad3-b36c-f2157c10c619.jpg\" style=\"max-width:100%\" alt=\"\"><br \/>\n \n<\/p>\n<p style=\"text-align:center\">\n <img decoding=\"async\" src=\"https:\/\/cc-west-usa.oss-accelerate.aliyuncs.com\/895d1aab-4b2b-442c-8017-d844060da8b2.jpg\" style=\"max-width:100%\" alt=\"\"><br \/>\n <b><br \/>\n  <br \/>\n <\/b>\n<\/p>\n<p style=\"text-align:center\">\n <img decoding=\"async\" src=\"https:\/\/cc-west-usa.oss-accelerate.aliyuncs.com\/92216981-b883-41ed-a7f7-0e8527ad38be.jpg\" style=\"max-width:100%\" alt=\"\"><br \/>\n <img decoding=\"async\" src=\"https:\/\/cc-west-usa.oss-accelerate.aliyuncs.com\/5fb0e8d9-d5f1-4153-81c9-8f82c18acc79.jpg\" style=\"max-width: 100%\" alt=\"\"><br \/>\n <\/p>","protected":false},"excerpt":{"rendered":"<p>Informations sur le produit : Sexe applicable : femme Mat\u00e9riau : PU motif : uni Style : style cool M\u00e9thode d'ouverture : fermeture \u00e0 glissi\u00e8re Structure interne du sac : poche \u00e0 fermeture \u00e0 glissi\u00e8re Texture de la doublure : Duret\u00e9 : moyenne \u00e0 dure Couleur : noir, rouge, rose, jaune terreux, vert menthe, rouge rose Type de sac ext\u00e9rieur : poche int\u00e9rieure plaqu\u00e9e Pi\u00e8ces de transport : poign\u00e9e de chargement et de d\u00e9chargement Informations sur la taille :  11*40*30cm Liste d'emballage : sac \u00e0 main*1<\/p>","protected":false},"featured_media":10466,"comment_status":"open","ping_status":"closed","template":"","meta":[],"product_brand":[],"product_cat":[44],"product_tag":[],"class_list":{"0":"post-10471","1":"product","2":"type-product","3":"status-publish","4":"has-post-thumbnail","6":"product_cat-bags","8":"first","9":"instock","10":"taxable","11":"shipping-taxable","12":"purchasable","13":"product-type-variable"},"_links":{"self":[{"href":"https:\/\/beacheden.com\/fr\/wp-json\/wp\/v2\/product\/10471","targetHints":{"allow":["GET"]}}],"collection":[{"href":"https:\/\/beacheden.com\/fr\/wp-json\/wp\/v2\/product"}],"about":[{"href":"https:\/\/beacheden.com\/fr\/wp-json\/wp\/v2\/types\/product"}],"replies":[{"embeddable":true,"href":"https:\/\/beacheden.com\/fr\/wp-json\/wp\/v2\/comments?post=10471"}],"wp:featuredmedia":[{"embeddable":true,"href":"https:\/\/beacheden.com\/fr\/wp-json\/wp\/v2\/media\/10466"}],"wp:attachment":[{"href":"https:\/\/beacheden.com\/fr\/wp-json\/wp\/v2\/media?parent=10471"}],"wp:term":[{"taxonomy":"product_brand","embeddable":true,"href":"https:\/\/beacheden.com\/fr\/wp-json\/wp\/v2\/product_brand?post=10471"},{"taxonomy":"product_cat","embeddable":true,"href":"https:\/\/beacheden.com\/fr\/wp-json\/wp\/v2\/product_cat?post=10471"},{"taxonomy":"product_tag","embeddable":true,"href":"https:\/\/beacheden.com\/fr\/wp-json\/wp\/v2\/product_tag?post=10471"}],"curies":[{"name":"wp","href":"https:\/\/api.w.org\/{rel}","templated":true}]}}