{"id":10463,"date":"2023-06-07T02:46:04","date_gmt":"2023-06-07T09:46:04","guid":{"rendered":"https:\/\/beacheden.com\/shop\/uncategorized\/large-capacity-mesh-portable-beach-bag\/"},"modified":"2023-06-07T03:27:01","modified_gmt":"2023-06-07T10:27:01","slug":"sac-de-plage-portable-en-maille-de-grande-capacite","status":"publish","type":"product","link":"https:\/\/beacheden.com\/fr\/sac-de-plage-portable-en-maille-de-grande-capacite\/","title":{"rendered":"Sac de plage portable en maille de grande capacit\u00e9"},"content":{"rendered":"<p>\n <b><br \/>\n  Informations sur le produit :<br \/>\n  <br \/>\n <\/b>\n<\/p>\n<p>\n Forme : type cube<br \/>\n <br \/>\n Mati\u00e8re : Nylon + Maille<br \/>\n <br \/>\n Fonction : Sceau<br \/>\n <br \/>\n Sc\u00e8ne d'application : montage mural<br \/>\n <br \/>\n Sc\u00e8ne de rangement : rangement de voyage, rangement de salle de bain<br \/>\n <br \/>\n Champ d'application : couettes, articles divers, articles de toilette, chaussures et bottes<br \/>\n <br \/>\n Style : Cor\u00e9en\n<\/p>\n<p>\n <b><br \/>\n  <br \/>\n  Liste de colisage<br \/>\n <\/b><br \/>\n \n<\/p>\n<p>Sac \u00e0 main*1<\/p>\n<p>\n <img decoding=\"async\" src=\"https:\/\/cc-west-usa.oss-accelerate.aliyuncs.com\/08fb9ed6-46db-4508-ba08-f4737cc5c65c.jpg\" style=\"max-width:100%\" alt=\"\"><br \/>\n <img decoding=\"async\" src=\"https:\/\/cc-west-usa.oss-accelerate.aliyuncs.com\/6a7db5b0-6864-469c-88ef-48b3ee09ef31.jpg\" style=\"max-width: 100%\" alt=\"\"><br \/>\n <img decoding=\"async\" src=\"https:\/\/cc-west-usa.oss-accelerate.aliyuncs.com\/f7dd7582-e6fb-4266-9bcf-545d562e4b78.jpg\" style=\"max-width: 100%\" alt=\"\"><br \/>\n <img decoding=\"async\" src=\"https:\/\/cc-west-usa.oss-accelerate.aliyuncs.com\/65f6527f-d7f2-424f-9c39-76028a0985e0.jpg\" style=\"max-width: 100%\" alt=\"\"><br \/>\n <img decoding=\"async\" src=\"https:\/\/cc-west-usa.oss-accelerate.aliyuncs.com\/7140ce9f-4c52-40a4-a08b-99daac318442.jpg\" style=\"max-width: 100%\" alt=\"\"><br \/>\n \n<\/p>\n<p>\n <img decoding=\"async\" src=\"https:\/\/ae01.alicdn.com\/kf\/Ha24578fc5a864c8baf1344fdcf2fcd0bH.jpg?width=675&amp;height=677&amp;hash=1352\" alt=\"\"><br \/>\n <img decoding=\"async\" src=\"https:\/\/ae01.alicdn.com\/kf\/Ha2a40c186a00451487f41cdcb32db5e1t.jpg?width=736&amp;height=739&amp;hash=1475\" alt=\"\"><br \/>\n <img decoding=\"async\" src=\"https:\/\/ae01.alicdn.com\/kf\/Hb3b77b26ed0d4c179188487d3994b4b9R.jpg?width=739&amp;height=741&amp;hash=1480\" alt=\"\"><br \/>\n <img decoding=\"async\" src=\"https:\/\/ae01.alicdn.com\/kf\/He5414e3791e946308f2af736cb98f52dQ.jpg?width=739&amp;height=739&amp;hash=1478\" alt=\"\"><br \/>\n <img decoding=\"async\" src=\"https:\/\/ae01.alicdn.com\/kf\/Ha0d5f9fa18104c5a835a16bbb440b82fB.jpg?width=662&amp;height=655&amp;hash=1317\" alt=\"\"><br \/>\n <img decoding=\"async\" src=\"https:\/\/ae01.alicdn.com\/kf\/H7a38c452fc3b4ae49b9537a064eb34709.jpg?width=671&amp;height=671&amp;hash=1342\" alt=\"\"><br \/>\n <img decoding=\"async\" src=\"https:\/\/ae01.alicdn.com\/kf\/H5de4510372774ef7969cd45998abc1f2U.jpg?width=701&amp;height=702&amp;hash=1403\" alt=\"\"><br \/>\n <\/p>","protected":false},"excerpt":{"rendered":"<p>Informations sur le produit : Forme : cube Mat\u00e9riau : Nylon + Maille Fonction : Sceller Sc\u00e8ne applicable : montage mural Sc\u00e8ne de stockage : stockage de voyage, stockage de salle de bain Champ d'application : couettes, articles divers, articles de toilette, chaussures et bottes Style : Cor\u00e9en Liste d'emballage Sac \u00e0 main*1<\/p>","protected":false},"featured_media":10456,"comment_status":"open","ping_status":"closed","template":"","meta":[],"product_brand":[],"product_cat":[44],"product_tag":[],"class_list":{"0":"post-10463","1":"product","2":"type-product","3":"status-publish","4":"has-post-thumbnail","6":"product_cat-bags","8":"first","9":"instock","10":"taxable","11":"shipping-taxable","12":"purchasable","13":"product-type-variable"},"_links":{"self":[{"href":"https:\/\/beacheden.com\/fr\/wp-json\/wp\/v2\/product\/10463","targetHints":{"allow":["GET"]}}],"collection":[{"href":"https:\/\/beacheden.com\/fr\/wp-json\/wp\/v2\/product"}],"about":[{"href":"https:\/\/beacheden.com\/fr\/wp-json\/wp\/v2\/types\/product"}],"replies":[{"embeddable":true,"href":"https:\/\/beacheden.com\/fr\/wp-json\/wp\/v2\/comments?post=10463"}],"wp:featuredmedia":[{"embeddable":true,"href":"https:\/\/beacheden.com\/fr\/wp-json\/wp\/v2\/media\/10456"}],"wp:attachment":[{"href":"https:\/\/beacheden.com\/fr\/wp-json\/wp\/v2\/media?parent=10463"}],"wp:term":[{"taxonomy":"product_brand","embeddable":true,"href":"https:\/\/beacheden.com\/fr\/wp-json\/wp\/v2\/product_brand?post=10463"},{"taxonomy":"product_cat","embeddable":true,"href":"https:\/\/beacheden.com\/fr\/wp-json\/wp\/v2\/product_cat?post=10463"},{"taxonomy":"product_tag","embeddable":true,"href":"https:\/\/beacheden.com\/fr\/wp-json\/wp\/v2\/product_tag?post=10463"}],"curies":[{"name":"wp","href":"https:\/\/api.w.org\/{rel}","templated":true}]}}