{"id":10428,"date":"2023-06-07T02:29:35","date_gmt":"2023-06-07T09:29:35","guid":{"rendered":"https:\/\/beacheden.com\/shop\/uncategorized\/summer-swimming-beach-bag-swimwear-mesh-storage-bag\/"},"modified":"2023-06-07T02:34:56","modified_gmt":"2023-06-07T09:34:56","slug":"sac-de-plage-estival-pour-maillots-de-bain-sac-de-rangement-en-maille","status":"publish","type":"product","link":"https:\/\/beacheden.com\/fr\/sac-de-plage-estival-pour-maillots-de-bain-sac-de-rangement-en-maille\/","title":{"rendered":"Sac de rangement en maille pour maillots de bain Summer Swimming Beach Bag"},"content":{"rendered":"<p>\n <b><br \/>\n  Informations sur le produit :<br \/>\n  <br \/>\n <\/b>\n<\/p>\n<p>\n Cat\u00e9gorie de produit : sac de voyage<br \/>\n <br \/>\n Forme : type cube<br \/>\n <br \/>\n Mat\u00e9riau : Tissu Oxford<br \/>\n <br \/>\n Sc\u00e8ne de rangement : rangement de voyage<br \/>\n <br \/>\n Champ d'application : sous-v\u00eatements, magazines, cosm\u00e9tiques, articles divers, articles de toilette<br \/>\n <br \/>\n Style : Cor\u00e9en<br \/>\n <br \/>\n Couleur : fleurs bleues, fleurs bordeaux, orange explosif, vert explosif\n<\/p>\n<p>\n \n<\/p>\n<p>\n <b>Informations sur la taille :<\/b>\n<\/p>\n<p>28*23*5.5CM<\/p>\n<p>\n <br \/>\n <b>Liste d'emballage :<\/b><br \/>\n \n<\/p>\n<p>Sac \u00e0 main*1<\/p>\n<p>\n \n<\/p>\n<p>\n <img decoding=\"async\" src=\"https:\/\/cc-west-usa.oss-accelerate.aliyuncs.com\/1620611792339.jpg\" style=\"max-width:100%\" alt=\"\"><br \/>\n <img decoding=\"async\" src=\"https:\/\/cc-west-usa.oss-accelerate.aliyuncs.com\/1620611792369.jpg\" style=\"max-width: 100%\" alt=\"\"><br \/>\n <img decoding=\"async\" src=\"https:\/\/cc-west-usa.oss-accelerate.aliyuncs.com\/1620611792374.jpg\" style=\"max-width: 100%\" alt=\"\"><br \/>\n <img decoding=\"async\" src=\"https:\/\/cc-west-usa.oss-accelerate.aliyuncs.com\/1620611792377.jpg\" style=\"max-width: 100%\" alt=\"\"><br \/>\n <img decoding=\"async\" src=\"https:\/\/cc-west-usa.oss-accelerate.aliyuncs.com\/1620611792379.jpg\" style=\"max-width: 100%\" alt=\"\"><br \/>\n <img decoding=\"async\" src=\"https:\/\/cc-west-usa.oss-accelerate.aliyuncs.com\/1620611792366.jpg\" style=\"max-width: 100%\" alt=\"\"><br \/>\n <img decoding=\"async\" src=\"https:\/\/cc-west-usa.oss-accelerate.aliyuncs.com\/1620611792634.jpg\" style=\"max-width: 100%\" alt=\"\"><br \/>\n <\/p>","protected":false},"excerpt":{"rendered":"<p>Informations sur le produit : Cat\u00e9gorie de produit : sac de voyage Forme : cube Mat\u00e9riau : Tissu Oxford Sc\u00e8ne de stockage : stockage de voyage Champ d'application : sous-v\u00eatements, magazines, cosm\u00e9tiques, articles divers, articles de toilette Style : cor\u00e9en Couleur : fleurs bleues, fleurs bordeaux, orange explosif, vert explosif Couleur : fleurs bleues, fleurs bordeaux, orange explosif, vert explosif Informations sur la taille : 28*23*5,5CM Liste de colisage : Sac \u00e0 main*1<\/p>","protected":false},"featured_media":10421,"comment_status":"open","ping_status":"closed","template":"","meta":[],"product_brand":[],"product_cat":[44],"product_tag":[],"class_list":{"0":"post-10428","1":"product","2":"type-product","3":"status-publish","4":"has-post-thumbnail","6":"product_cat-bags","8":"first","9":"instock","10":"taxable","11":"shipping-taxable","12":"purchasable","13":"product-type-variable"},"_links":{"self":[{"href":"https:\/\/beacheden.com\/fr\/wp-json\/wp\/v2\/product\/10428","targetHints":{"allow":["GET"]}}],"collection":[{"href":"https:\/\/beacheden.com\/fr\/wp-json\/wp\/v2\/product"}],"about":[{"href":"https:\/\/beacheden.com\/fr\/wp-json\/wp\/v2\/types\/product"}],"replies":[{"embeddable":true,"href":"https:\/\/beacheden.com\/fr\/wp-json\/wp\/v2\/comments?post=10428"}],"wp:featuredmedia":[{"embeddable":true,"href":"https:\/\/beacheden.com\/fr\/wp-json\/wp\/v2\/media\/10421"}],"wp:attachment":[{"href":"https:\/\/beacheden.com\/fr\/wp-json\/wp\/v2\/media?parent=10428"}],"wp:term":[{"taxonomy":"product_brand","embeddable":true,"href":"https:\/\/beacheden.com\/fr\/wp-json\/wp\/v2\/product_brand?post=10428"},{"taxonomy":"product_cat","embeddable":true,"href":"https:\/\/beacheden.com\/fr\/wp-json\/wp\/v2\/product_cat?post=10428"},{"taxonomy":"product_tag","embeddable":true,"href":"https:\/\/beacheden.com\/fr\/wp-json\/wp\/v2\/product_tag?post=10428"}],"curies":[{"name":"wp","href":"https:\/\/api.w.org\/{rel}","templated":true}]}}