{"id":10410,"date":"2023-06-07T02:27:55","date_gmt":"2023-06-07T09:27:55","guid":{"rendered":"https:\/\/beacheden.com\/shop\/uncategorized\/beach-bag-travel-tote-fashion\/"},"modified":"2023-06-07T02:34:56","modified_gmt":"2023-06-07T09:34:56","slug":"sac-de-plage-sac-de-voyage-fourre-tout-mode","status":"publish","type":"product","link":"https:\/\/beacheden.com\/fr\/sac-de-plage-sac-de-voyage-fourre-tout-mode\/","title":{"rendered":"Sac de plage Travel Tote Fashion"},"content":{"rendered":"<p>\n <b>Sp\u00e9cifications :<\/b><br \/>\n <br \/>\n Taille : 50 cm de long, 14 cm de large, 36 cm de haut<br \/>\n <br \/>\n Capacit\u00e9 : ordinateur portable de 15 pouces, etc.<br \/>\n <br \/>\n M\u00e9thode du dos : Main, main, \u00e9paule<br \/>\n <br \/>\n Structure : Sac principal<br \/>\n <br \/>\n Lever la ceinture : Lever la main de 24 cm<br \/>\n <br \/>\n Ouverture : Boucle magn\u00e9tique\n<\/p>\n<p>\n \n<\/p>\n<p>\n <b>Liste de colis :<\/b>\n<\/p>\n<p>\n <b><\/b><br \/>\n <span style=\"font-size: 1em\">Sac<\/span><br \/>\n <span style=\"font-size: 1em\">&nbsp;* 1<\/span>\n<\/p>\n<p>\n <span style=\"font-size: 1em\"><br \/>\n  <br \/>\n <\/span>\n<\/p>\n<p>\n <img decoding=\"async\" src=\"https:\/\/cc-west-usa.oss-accelerate.aliyuncs.com\/533b5ee1-1978-40e9-9e6e-2ee6ef48f232.jpg\" style=\"max-width:100%\" alt=\"\"><br \/>\n <img decoding=\"async\" src=\"https:\/\/cc-west-usa.oss-accelerate.aliyuncs.com\/05a4f961-27fd-4c0e-bfa1-edc67d96d26f.jpg\" style=\"max-width: 100%\" alt=\"\"><br \/>\n <img decoding=\"async\" src=\"https:\/\/cc-west-usa.oss-accelerate.aliyuncs.com\/127e1fa8-032e-48ee-a547-21c656ddb983.jpg\" style=\"max-width: 100%\" alt=\"\"><br \/>\n <img decoding=\"async\" src=\"https:\/\/cc-west-usa.oss-accelerate.aliyuncs.com\/6f3d60f7-9cb5-44d2-b22a-5a273819a549.jpg\" style=\"max-width: 100%\" alt=\"\"><br \/>\n <img decoding=\"async\" src=\"https:\/\/cc-west-usa.oss-accelerate.aliyuncs.com\/2124432a-6310-4c9e-a829-da0d8d93c93d.jpg\" style=\"max-width: 100%\" alt=\"\"><br \/>\n <img decoding=\"async\" src=\"https:\/\/cc-west-usa.oss-accelerate.aliyuncs.com\/ef2b2456-33b3-4a9b-a9b0-aa9263aca6ae.jpg\" style=\"max-width: 100%\" alt=\"\"><br \/>\n <img decoding=\"async\" src=\"https:\/\/cc-west-usa.oss-accelerate.aliyuncs.com\/43a967ef-4478-4e5c-8ffc-9d51ee56c648.jpg\" style=\"max-width: 100%\" alt=\"\"><br \/>\n <img decoding=\"async\" src=\"https:\/\/cc-west-usa.oss-accelerate.aliyuncs.com\/4c3e8c24-d6c4-4b1e-a4cf-7d510929a7b9.jpg\" style=\"max-width: 100%\" alt=\"\"><br \/>\n <span style=\"font-size: 1em\"><br \/>\n  <br \/>\n <\/span><\/p>","protected":false},"excerpt":{"rendered":"<p>Sp\u00e9cifications : Taille : 50cm de long, 14cm de large, 36cm de haut Capacit\u00e9 : ordinateur portable de 15 pouces, etc : Main, main, \u00e9paule Structure : Sac principal Levage de la ceinture : Lever la main de 24 cm Ouverture : Boucle magn\u00e9tique Liste de colis : Sac * 1<\/p>","protected":false},"featured_media":10402,"comment_status":"open","ping_status":"closed","template":"","meta":[],"product_brand":[],"product_cat":[44],"product_tag":[],"class_list":{"0":"post-10410","1":"product","2":"type-product","3":"status-publish","4":"has-post-thumbnail","6":"product_cat-bags","8":"first","9":"instock","10":"taxable","11":"shipping-taxable","12":"purchasable","13":"product-type-variable"},"_links":{"self":[{"href":"https:\/\/beacheden.com\/fr\/wp-json\/wp\/v2\/product\/10410","targetHints":{"allow":["GET"]}}],"collection":[{"href":"https:\/\/beacheden.com\/fr\/wp-json\/wp\/v2\/product"}],"about":[{"href":"https:\/\/beacheden.com\/fr\/wp-json\/wp\/v2\/types\/product"}],"replies":[{"embeddable":true,"href":"https:\/\/beacheden.com\/fr\/wp-json\/wp\/v2\/comments?post=10410"}],"wp:featuredmedia":[{"embeddable":true,"href":"https:\/\/beacheden.com\/fr\/wp-json\/wp\/v2\/media\/10402"}],"wp:attachment":[{"href":"https:\/\/beacheden.com\/fr\/wp-json\/wp\/v2\/media?parent=10410"}],"wp:term":[{"taxonomy":"product_brand","embeddable":true,"href":"https:\/\/beacheden.com\/fr\/wp-json\/wp\/v2\/product_brand?post=10410"},{"taxonomy":"product_cat","embeddable":true,"href":"https:\/\/beacheden.com\/fr\/wp-json\/wp\/v2\/product_cat?post=10410"},{"taxonomy":"product_tag","embeddable":true,"href":"https:\/\/beacheden.com\/fr\/wp-json\/wp\/v2\/product_tag?post=10410"}],"curies":[{"name":"wp","href":"https:\/\/api.w.org\/{rel}","templated":true}]}}