{"id":10389,"date":"2023-06-07T02:27:22","date_gmt":"2023-06-07T09:27:22","guid":{"rendered":"https:\/\/beacheden.com\/shop\/uncategorized\/striped-mori-womens-shopping-bag-beach-bag\/"},"modified":"2023-06-07T02:34:56","modified_gmt":"2023-06-07T09:34:56","slug":"sac-a-provisions-raye-mori-womens-sac-de-plage","status":"publish","type":"product","link":"https:\/\/beacheden.com\/fr\/sac-a-provisions-raye-mori-womens-sac-de-plage\/","title":{"rendered":"Sac \u00e0 provisions ray\u00e9 Mori Sac de plage pour femmes"},"content":{"rendered":"<p>\n Texture du tissu : toile<br \/>\n <br \/>\n Texture de la doublure : polyester<br \/>\n <br \/>\n Style : sac \u00e0 bandouli\u00e8re pour femmes<br \/>\n <br \/>\n Tendance en mati\u00e8re de bagages : le fourre-tout<br \/>\n <br \/>\n Forme du sac : carr\u00e9 horizontal<br \/>\n <br \/>\n M\u00e9thode d'ouverture : fermeture \u00e0 glissi\u00e8re<br \/>\n <br \/>\n \u00c9l\u00e9ments populaires : impression<br \/>\n <br \/>\n Structure interne du sac : poche \u00e0 fermeture \u00e9clair<br \/>\n <br \/>\n Num\u00e9ro de la racine de la sangle : racine double<br \/>\n <br \/>\n Taille du sac : Taille : 54 * 13,5 * 33CM\n<\/p>\n<p>\n Motif : Rayure<br \/>\n <img decoding=\"async\" src=\"https:\/\/cc-west-usa.oss-accelerate.aliyuncs.com\/7e5c57fa-0661-4fd2-81c9-9928c3a3d199.jpg\" style=\"font-size: 14px;max-width: 100%\" alt=\"\"><br \/>\n <img decoding=\"async\" src=\"https:\/\/cc-west-usa.oss-accelerate.aliyuncs.com\/490a0f1b-6bb1-4c6f-b752-306a170d5e35.jpg\" style=\"font-size: 14px;max-width: 100%\" alt=\"\"><br \/>\n <img decoding=\"async\" src=\"https:\/\/cc-west-usa.oss-accelerate.aliyuncs.com\/09c18933-ff37-446e-9c7d-bf6c7b73bf89.jpg\" style=\"font-size: 14px;max-width: 100%\" alt=\"\"><br \/>\n <img decoding=\"async\" src=\"https:\/\/cc-west-usa.oss-accelerate.aliyuncs.com\/2d834659-12a8-456d-a1bc-533ce2ec1f79.jpg\" style=\"font-size: 14px;max-width: 100%\" alt=\"\"><br \/>\n <img decoding=\"async\" src=\"https:\/\/cc-west-usa.oss-accelerate.aliyuncs.com\/e0480aa4-b2bd-40b0-a80f-b9d30e6a6964.jpg\" style=\"font-size: 14px;max-width: 100%\" alt=\"\"><br \/>\n <img decoding=\"async\" src=\"https:\/\/cc-west-usa.oss-accelerate.aliyuncs.com\/f58eca1c-e577-4004-8e5c-632449f9970b.jpg\" style=\"font-size: 14px;max-width: 100%\" alt=\"\"><\/p>","protected":false},"excerpt":{"rendered":"<p>Fabric texture: canvas Lining texture: polyester Style: women&#8217;s shoulder bag Luggage trend style: tote bag Bag shape: horizontal square shape Opening method: zipper Popular elements: printing Internal structure of the bag: zipper pocket Strap root number: double root Bag size: Size: 54 * 13.5 * 33CM Pattern: Stripe<\/p>","protected":false},"featured_media":10383,"comment_status":"open","ping_status":"closed","template":"","meta":[],"product_brand":[],"product_cat":[44],"product_tag":[],"class_list":{"0":"post-10389","1":"product","2":"type-product","3":"status-publish","4":"has-post-thumbnail","6":"product_cat-bags","8":"first","9":"instock","10":"taxable","11":"shipping-taxable","12":"purchasable","13":"product-type-variable"},"_links":{"self":[{"href":"https:\/\/beacheden.com\/fr\/wp-json\/wp\/v2\/product\/10389","targetHints":{"allow":["GET"]}}],"collection":[{"href":"https:\/\/beacheden.com\/fr\/wp-json\/wp\/v2\/product"}],"about":[{"href":"https:\/\/beacheden.com\/fr\/wp-json\/wp\/v2\/types\/product"}],"replies":[{"embeddable":true,"href":"https:\/\/beacheden.com\/fr\/wp-json\/wp\/v2\/comments?post=10389"}],"wp:featuredmedia":[{"embeddable":true,"href":"https:\/\/beacheden.com\/fr\/wp-json\/wp\/v2\/media\/10383"}],"wp:attachment":[{"href":"https:\/\/beacheden.com\/fr\/wp-json\/wp\/v2\/media?parent=10389"}],"wp:term":[{"taxonomy":"product_brand","embeddable":true,"href":"https:\/\/beacheden.com\/fr\/wp-json\/wp\/v2\/product_brand?post=10389"},{"taxonomy":"product_cat","embeddable":true,"href":"https:\/\/beacheden.com\/fr\/wp-json\/wp\/v2\/product_cat?post=10389"},{"taxonomy":"product_tag","embeddable":true,"href":"https:\/\/beacheden.com\/fr\/wp-json\/wp\/v2\/product_tag?post=10389"}],"curies":[{"name":"wp","href":"https:\/\/api.w.org\/{rel}","templated":true}]}}