{"id":10370,"date":"2023-06-07T02:23:21","date_gmt":"2023-06-07T09:23:21","guid":{"rendered":"https:\/\/beacheden.com\/shop\/uncategorized\/blue-geometrical-graphic-beach-toy-storage-bag\/"},"modified":"2025-09-15T22:25:45","modified_gmt":"2025-09-16T05:25:45","slug":"sac-de-rangement-pour-jouets-de-plage-a-motifs-geometriques-bleus","status":"publish","type":"product","link":"https:\/\/beacheden.com\/fr\/sac-de-rangement-pour-jouets-de-plage-a-motifs-geometriques-bleus\/","title":{"rendered":"Sac de rangement pour jouets de plage, graphique g\u00e9om\u00e9trique bleu"},"content":{"rendered":"<p>\n <b>Informations sur le produit :<\/b><br \/>\n <br \/>\n Sc\u00e9nario applicable : Voyage<br \/>\n <br \/>\n Couleur : sac de plage ray\u00e9, Flamant rose, boho, cercle noir et blanc, feuilles, figure g\u00e9om\u00e9trique<br \/>\n <br \/>\n Fonction : Stockage<br \/>\n <br \/>\n Mat\u00e9riau : toile<br \/>\n <br \/>\n Style : simplicit\u00e9 moderne<br \/>\n <br \/>\n Forme : sac de plage<br \/>\n \n<\/p>\n<p>\n<b>Liste d'emballage : <\/b><br \/>\n<br \/>\nSac de rangement pour jouets*1&nbsp;<\/p>\n<p>\n \n<\/p>\n<p><b>Image du produit :<\/b><br \/>\n<br \/>\n<img decoding=\"async\" src=\"https:\/\/cc-west-usa.oss-accelerate.aliyuncs.com\/64d41d7f-c5b8-47bd-aaba-d215afc9d771.jpg\" alt=\"\"><br \/>\n<img decoding=\"async\" src=\"https:\/\/cc-west-usa.oss-accelerate.aliyuncs.com\/4ff18607-25f7-4e2e-b909-fd864cd1c09f.jpg\" alt=\"\"><br \/>\n<img decoding=\"async\" src=\"https:\/\/cc-west-usa.oss-accelerate.aliyuncs.com\/7ceaf309-ec60-43cb-9e3f-7f3a8a755e91.jpg\" alt=\"\"><br \/>\n<img decoding=\"async\" src=\"https:\/\/cc-west-usa.oss-accelerate.aliyuncs.com\/9b7d4598-b5f4-4153-8c7b-cdb111699890.jpg\" alt=\"\"><br \/>\n<img decoding=\"async\" src=\"https:\/\/cc-west-usa.oss-accelerate.aliyuncs.com\/1bd1bee6-09e6-4e5d-b480-76a75796fe49.jpg\" alt=\"\"><br \/>\n<img decoding=\"async\" src=\"https:\/\/cc-west-usa.oss-accelerate.aliyuncs.com\/d2425ec0-7014-4c45-b2dc-234f94ae8d46.jpg\" alt=\"\"><br \/>\n<img decoding=\"async\" src=\"https:\/\/cc-west-usa.oss-accelerate.aliyuncs.com\/3ca7962b-78b5-40f2-ab66-c635ffb0e873.jpg\" alt=\"\"><br \/>\n<img decoding=\"async\" src=\"https:\/\/cc-west-usa.oss-accelerate.aliyuncs.com\/bd5d0d7d-4aa1-4b50-9553-5b6a0349b79c.jpg\" alt=\"\"><\/p>","protected":false},"excerpt":{"rendered":"<p>Informations sur le produit : Sc\u00e9nario applicable : Voyage Couleur : sac de plage ray\u00e9, Flamant rose, boho, cercle noir et blanc, feuilles, figure g\u00e9om\u00e9trique Fonction : Stockage Mat\u00e9riau : toile Style : simplicit\u00e9 moderne Forme : sac de plage Liste de colisage : Sac de rangement pour jouets*1 Image du produit :<\/p>","protected":false},"featured_media":10361,"comment_status":"open","ping_status":"closed","template":"","meta":[],"product_brand":[],"product_cat":[44],"product_tag":[],"class_list":{"0":"post-10370","1":"product","2":"type-product","3":"status-publish","4":"has-post-thumbnail","6":"product_cat-bags","8":"first","9":"instock","10":"taxable","11":"shipping-taxable","12":"purchasable","13":"product-type-variable"},"_links":{"self":[{"href":"https:\/\/beacheden.com\/fr\/wp-json\/wp\/v2\/product\/10370","targetHints":{"allow":["GET"]}}],"collection":[{"href":"https:\/\/beacheden.com\/fr\/wp-json\/wp\/v2\/product"}],"about":[{"href":"https:\/\/beacheden.com\/fr\/wp-json\/wp\/v2\/types\/product"}],"replies":[{"embeddable":true,"href":"https:\/\/beacheden.com\/fr\/wp-json\/wp\/v2\/comments?post=10370"}],"wp:featuredmedia":[{"embeddable":true,"href":"https:\/\/beacheden.com\/fr\/wp-json\/wp\/v2\/media\/10361"}],"wp:attachment":[{"href":"https:\/\/beacheden.com\/fr\/wp-json\/wp\/v2\/media?parent=10370"}],"wp:term":[{"taxonomy":"product_brand","embeddable":true,"href":"https:\/\/beacheden.com\/fr\/wp-json\/wp\/v2\/product_brand?post=10370"},{"taxonomy":"product_cat","embeddable":true,"href":"https:\/\/beacheden.com\/fr\/wp-json\/wp\/v2\/product_cat?post=10370"},{"taxonomy":"product_tag","embeddable":true,"href":"https:\/\/beacheden.com\/fr\/wp-json\/wp\/v2\/product_tag?post=10370"}],"curies":[{"name":"wp","href":"https:\/\/api.w.org\/{rel}","templated":true}]}}