{"id":10341,"date":"2023-06-07T02:19:46","date_gmt":"2023-06-07T09:19:46","guid":{"rendered":"https:\/\/beacheden.com\/shop\/uncategorized\/korean-straw-bun-mother-package\/"},"modified":"2025-08-05T01:25:59","modified_gmt":"2025-08-05T08:25:59","slug":"paquet-mere-de-brioche-a-la-paille-coreenne","status":"publish","type":"product","link":"https:\/\/beacheden.com\/fr\/paquet-mere-de-brioche-a-la-paille-coreenne\/","title":{"rendered":"Paquet m\u00e8re de brioche \u00e0 la paille cor\u00e9enne"},"content":{"rendered":"<p>\n Mat\u00e9riau : paille de bl\u00e9 naturelle<br \/>\n <br \/>\n Taille : largeur sup\u00e9rieure 45 cm, largeur inf\u00e9rieure 23 cm, hauteur du paquet 30 cm, hauteur moyenne de la ceinture d'\u00e9paule 27 cm.<br \/>\n <br \/>\n Poids : 0,32 kg<br \/>\n <br \/>\n PS : la couleur des perles en plastique de la ceinture d'\u00e9paule est enti\u00e8rement bleue.\n<\/p>\n<p>\n <img decoding=\"async\" src=\"https:\/\/cc-west-usa.oss-accelerate.aliyuncs.com\/e2fa73da-a3cb-4b32-9c36-794703480250.jpg\" style=\"max-width:100%\" alt=\"\"><br \/>\n <img decoding=\"async\" src=\"https:\/\/cc-west-usa.oss-accelerate.aliyuncs.com\/35ed0b6e-2de7-480b-911e-4e1433ab8b3f.jpg\" style=\"font-size: 14px;max-width: 100%\" alt=\"\"><br \/>\n <img decoding=\"async\" src=\"https:\/\/cc-west-usa.oss-accelerate.aliyuncs.com\/dcede2d1-5613-4e20-97b0-10e994ad0aad.jpg\" style=\"font-size: 14px;max-width: 100%\" alt=\"\"><br \/>\n <img decoding=\"async\" src=\"https:\/\/cc-west-usa.oss-accelerate.aliyuncs.com\/74517746-d92f-4fe9-a05d-aceff3ba212e.jpg\" style=\"font-size: 14px;max-width: 100%\" alt=\"\"><br \/>\n <img decoding=\"async\" src=\"https:\/\/cc-west-usa.oss-accelerate.aliyuncs.com\/6b3b9bdd-4bb7-47cc-86dd-1d07d3bce21c.jpg\" style=\"font-size: 14px;max-width: 100%\" alt=\"\"><br \/>\n <\/p>","protected":false},"excerpt":{"rendered":"<p>Mat\u00e9riau : paille de bl\u00e9 naturelle Taille : largeur sup\u00e9rieure 45cm, largeur inf\u00e9rieure 23cm, hauteur du paquet 30cm, hauteur moyenne de la ceinture d'\u00e9paule 27cm Poids : 0.32kg PS : la couleur des perles en plastique de la ceinture d'\u00e9paule est enti\u00e8rement bleue.<\/p>","protected":false},"featured_media":10336,"comment_status":"open","ping_status":"closed","template":"","meta":[],"product_brand":[],"product_cat":[44],"product_tag":[],"class_list":{"0":"post-10341","1":"product","2":"type-product","3":"status-publish","4":"has-post-thumbnail","6":"product_cat-bags","8":"first","9":"instock","10":"taxable","11":"shipping-taxable","12":"purchasable","13":"product-type-variable"},"_links":{"self":[{"href":"https:\/\/beacheden.com\/fr\/wp-json\/wp\/v2\/product\/10341","targetHints":{"allow":["GET"]}}],"collection":[{"href":"https:\/\/beacheden.com\/fr\/wp-json\/wp\/v2\/product"}],"about":[{"href":"https:\/\/beacheden.com\/fr\/wp-json\/wp\/v2\/types\/product"}],"replies":[{"embeddable":true,"href":"https:\/\/beacheden.com\/fr\/wp-json\/wp\/v2\/comments?post=10341"}],"wp:featuredmedia":[{"embeddable":true,"href":"https:\/\/beacheden.com\/fr\/wp-json\/wp\/v2\/media\/10336"}],"wp:attachment":[{"href":"https:\/\/beacheden.com\/fr\/wp-json\/wp\/v2\/media?parent=10341"}],"wp:term":[{"taxonomy":"product_brand","embeddable":true,"href":"https:\/\/beacheden.com\/fr\/wp-json\/wp\/v2\/product_brand?post=10341"},{"taxonomy":"product_cat","embeddable":true,"href":"https:\/\/beacheden.com\/fr\/wp-json\/wp\/v2\/product_cat?post=10341"},{"taxonomy":"product_tag","embeddable":true,"href":"https:\/\/beacheden.com\/fr\/wp-json\/wp\/v2\/product_tag?post=10341"}],"curies":[{"name":"wp","href":"https:\/\/api.w.org\/{rel}","templated":true}]}}