{"id":10330,"date":"2023-06-07T02:12:27","date_gmt":"2023-06-07T09:12:27","guid":{"rendered":"https:\/\/beacheden.com\/shop\/uncategorized\/ocean-world-beach-bag\/"},"modified":"2023-06-07T02:15:38","modified_gmt":"2023-06-07T09:15:38","slug":"sac-de-plage-ocean-world","status":"publish","type":"product","link":"https:\/\/beacheden.com\/fr\/sac-de-plage-ocean-world\/","title":{"rendered":"Sac de plage Ocean World"},"content":{"rendered":"<p>\n Texture du tissu : Oxford<br \/>\n <br \/>\n Texture de la doublure : polyester<br \/>\n <br \/>\n Style : sac \u00e0 bandouli\u00e8re pour femmes<br \/>\n <br \/>\n La tendance en mati\u00e8re de bagages : Sac Boston<br \/>\n <br \/>\n Forme du sac : carr\u00e9 horizontal<br \/>\n <br \/>\n M\u00e9thode d'ouverture : fermeture \u00e0 glissi\u00e8re<br \/>\n <br \/>\n \u00c9l\u00e9ments populaires : impression<br \/>\n <br \/>\n Structure interne du sac : sac pour t\u00e9l\u00e9phone portable<br \/>\n <br \/>\n Num\u00e9ro de la racine de la sangle : racine double<br \/>\n <br \/>\n Taille du sac : grande<br \/>\n <br \/>\n Mod\u00e8le : Animal<br \/>\n <br \/>\n M\u00e9thode de traitement : impression<br \/>\n <br \/>\n Duret\u00e9 : Moyenne<br \/>\n <br \/>\n Pi\u00e8ces de levage : poign\u00e9e souple<br \/>\n <br \/>\n Type de sac ext\u00e9rieur : sac int\u00e9rieur en patch<br \/>\n <br \/>\n Couleur : poisson de mer, concombre de mer<br \/>\n <br \/>\n Sexe applicable : f\u00e9minin<br \/>\n <br \/>\n Mati\u00e8re : Toile<br \/>\n <img decoding=\"async\" src=\"https:\/\/cc-west-usa.oss-accelerate.aliyuncs.com\/8b405c55-23e7-4b11-9da2-391d24daabd1.jpg\" style=\"font-size: 14px;max-width: 100%\" alt=\"\"><br \/>\n <img decoding=\"async\" src=\"https:\/\/cc-west-usa.oss-accelerate.aliyuncs.com\/6a35975d-b46c-42ba-b142-b5651b400af3.jpg\" style=\"font-size: 14px;max-width: 100%\" alt=\"\"><br \/>\n <img decoding=\"async\" src=\"https:\/\/cc-west-usa.oss-accelerate.aliyuncs.com\/f064ce24-4bb2-4112-8fb5-872f593b154b.jpg\" style=\"font-size: 14px;max-width: 100%\" alt=\"\"><br \/>\n <img decoding=\"async\" src=\"https:\/\/cc-west-usa.oss-accelerate.aliyuncs.com\/350b7ed5-aafd-4262-a2e5-e2821c63586e.jpg\" style=\"font-size: 14px;max-width: 100%\" alt=\"\"><br \/>\n <img decoding=\"async\" src=\"https:\/\/cc-west-usa.oss-accelerate.aliyuncs.com\/7159c0f3-feed-41b7-b2e1-7c088b49cbc6.jpg\" style=\"font-size: 14px;max-width: 100%\" alt=\"\"><br \/>\n <img decoding=\"async\" src=\"https:\/\/cc-west-usa.oss-accelerate.aliyuncs.com\/307c773e-bab4-4c24-9501-e600d95b4043.jpg\" style=\"font-size: 14px;max-width: 100%\" alt=\"\"><br \/>\n <img decoding=\"async\" src=\"https:\/\/cc-west-usa.oss-accelerate.aliyuncs.com\/813ce10b-5b7a-47a1-8339-b959c1a5d741.jpg\" style=\"font-size: 14px;max-width: 100%\" alt=\"\"><\/p>","protected":false},"excerpt":{"rendered":"<p>Fabric texture: Oxford Lining texture: polyester Style: women&#8217;s shoulder bag Luggage trend style: Boston bag Bag shape: horizontal square Opening method: zipper Popular elements: printing Bag internal structure: mobile phone bag Strap root number: double root Bag size: large Pattern: Animal Processing method: printing Hardness: Medium Lifting parts: soft handle Outer bag type: inner patch [&#8230;]\n","protected":false},"featured_media":10323,"comment_status":"open","ping_status":"closed","template":"","meta":[],"product_brand":[],"product_cat":[44],"product_tag":[],"class_list":{"0":"post-10330","1":"product","2":"type-product","3":"status-publish","4":"has-post-thumbnail","6":"product_cat-bags","8":"first","9":"instock","10":"taxable","11":"shipping-taxable","12":"purchasable","13":"product-type-variable"},"_links":{"self":[{"href":"https:\/\/beacheden.com\/fr\/wp-json\/wp\/v2\/product\/10330","targetHints":{"allow":["GET"]}}],"collection":[{"href":"https:\/\/beacheden.com\/fr\/wp-json\/wp\/v2\/product"}],"about":[{"href":"https:\/\/beacheden.com\/fr\/wp-json\/wp\/v2\/types\/product"}],"replies":[{"embeddable":true,"href":"https:\/\/beacheden.com\/fr\/wp-json\/wp\/v2\/comments?post=10330"}],"wp:featuredmedia":[{"embeddable":true,"href":"https:\/\/beacheden.com\/fr\/wp-json\/wp\/v2\/media\/10323"}],"wp:attachment":[{"href":"https:\/\/beacheden.com\/fr\/wp-json\/wp\/v2\/media?parent=10330"}],"wp:term":[{"taxonomy":"product_brand","embeddable":true,"href":"https:\/\/beacheden.com\/fr\/wp-json\/wp\/v2\/product_brand?post=10330"},{"taxonomy":"product_cat","embeddable":true,"href":"https:\/\/beacheden.com\/fr\/wp-json\/wp\/v2\/product_cat?post=10330"},{"taxonomy":"product_tag","embeddable":true,"href":"https:\/\/beacheden.com\/fr\/wp-json\/wp\/v2\/product_tag?post=10330"}],"curies":[{"name":"wp","href":"https:\/\/api.w.org\/{rel}","templated":true}]}}