{"id":10236,"date":"2023-06-02T10:46:50","date_gmt":"2023-06-02T17:46:50","guid":{"rendered":"https:\/\/beacheden.com\/shop\/uncategorized\/ethnic-print-plus-size-swimsuit-bikini\/"},"modified":"2025-07-21T13:52:16","modified_gmt":"2025-07-21T20:52:16","slug":"maillot-de-bain-pour-femmes-aux-formes-genereuses","status":"publish","type":"product","link":"https:\/\/beacheden.com\/fr\/maillot-de-bain-pour-femmes-aux-formes-genereuses\/","title":{"rendered":"Maillot de bain Plus Size imprim\u00e9 ethnique Bikini"},"content":{"rendered":"<p>Maillot de bain pour femmes aux formes g\u00e9n\u00e9reuses, con\u00e7u pour c\u00e9l\u00e9brer votre silhouette unique avec confiance et \u00e9l\u00e9gance. Cette pi\u00e8ce \u00e9tonnante associe des coupes flatteuses, un bon maintien et des d\u00e9tails \u00e9l\u00e9gants pour vous permettre d'\u00eatre belle et de vous sentir bien. Fabriqu\u00e9 dans un tissu extensible de haute qualit\u00e9, il offre un confort ultime tout en soulignant vos courbes.<\/p>\n<p>Que vous soyez <a href=\"https:\/\/beacheden.com\/fr\/maillot-de-bain-fendu-grande-taille\/?wmc-currency=EUR\" title=\"Stylish Plus Size Split Swimsuit Veil (Maillot de bain fendu)\" target=\"_blank\" rel=\"noopener\"  data-wpil-monitor-id=\"51\">se pr\u00e9lasser au bord de la piscine<\/a> ou \u00e0 la plage, ce maillot de bain est le compagnon id\u00e9al pour faire une d\u00e9claration audacieuse et embrasser votre corps avec fiert\u00e9. Trouvez votre mod\u00e8le pr\u00e9f\u00e9r\u00e9 d\u00e8s aujourd'hui !<\/p>\n<p><b>Informations sur le produit :<\/b><\/p>\n<p>Style : <a href=\"https:\/\/beacheden.com\/fr\/maillot-de-bain-une-piece-push-up\/?wmc-currency=EUR\" title=\"Maillot de bain une pi\u00e8ce pour dames, imprim\u00e9 push up\" target=\"_blank\" rel=\"noopener\"  data-wpil-monitor-id=\"12\">Maillot de bain une pi\u00e8ce<\/a><\/p>\n<p>Sexe applicable : f\u00e9minin<\/p>\n<p>Motif : sexy, grande \u00e9lasticit\u00e9, Europe et Am\u00e9rique<\/p>\n<p>Tra\u00een\u00e9e ou non avec de l'acier : avec coussinet thoracique sans support en acier<\/p>\n<p>Motif : Impression<\/p>\n<p>Nom du tissu : Polyester<\/p>\n<p>Composition du tissu : Fibre de polyester (polyester)<\/p>\n<p>Sc\u00e8ne applicable : <a href=\"https:\/\/beacheden.com\/fr\/maillot-de-bain-une-piece-taille-plus-2\/?wmc-currency=EUR\" title=\"Maillot de bain une pi\u00e8ce imprim\u00e9 pour femmes de taille sup\u00e9rieure\" target=\"_blank\" rel=\"noopener\"  data-wpil-monitor-id=\"138\">la natation et le pataugeage<\/a><\/p>\n<p>Couleur : rose, violet, bleu, jaune, bandes multicolores, vert floral, noir floral<\/p>\n<p>&nbsp;<\/p>\n<p>Informations sur la taille :<\/p>\n<p>Taille : XL, XXL, XXXL, 4XL, 5XL<\/p>\n<p><img decoding=\"async\" style=\"max-width: 100%;\" src=\"https:\/\/cc-west-usa.oss-accelerate.aliyuncs.com\/a096b21b-e457-438c-9a0e-7b5db02bf572.png\" alt=\"\"><\/p>\n<p><b>Remarque :<\/b><\/p>\n<p>1. Les tailles asiatiques sont 1 \u00e0 2 tailles plus petites que les tailles europ\u00e9ennes et am\u00e9ricaines. Choisissez la taille la plus grande si votre taille se situe entre deux tailles. Veuillez tenir compte d'une diff\u00e9rence de 2 \u00e0 3 cm due aux mesures manuelles.<\/p>\n<p>2. Si vous ne savez pas comment choisir votre taille, veuillez contacter notre service client\u00e8le.<\/p>\n<p>3. comme vous le savez, les ordinateurs affichent les couleurs diff\u00e9remment, la couleur de l'article r\u00e9el peut varier l\u00e9g\u00e8rement par rapport aux images suivantes.<\/p>\n<p><b>Liste d'emballage :<\/b><\/p>\n<p>Maillot de bain une pi\u00e8ce*1<\/p>\n<p><img decoding=\"async\" style=\"max-width: 100%;\" src=\"https:\/\/cc-west-usa.oss-accelerate.aliyuncs.com\/2627876e-e8ad-4e1c-8569-6bcdf2465775.jpg\" alt=\"\"><br \/>\n<img decoding=\"async\" style=\"max-width: 100%;\" src=\"https:\/\/cc-west-usa.oss-accelerate.aliyuncs.com\/06820639-cd6f-4a25-9553-49e59d6487b9.jpg\" alt=\"\"><\/p>\n<p><img loading=\"lazy\" decoding=\"async\" class=\"alignnone\" style=\"max-width: 100%;\" src=\"https:\/\/cc-west-usa.oss-accelerate.aliyuncs.com\/2544a02c-b1f9-45f9-a91c-3596ef1a6045.jpg\" alt=\"Maillot de bain pour les femmes aux formes g\u00e9n\u00e9reuses\" width=\"800\" height=\"800\" \/><br \/>\n<img decoding=\"async\" style=\"max-width: 100%;\" src=\"https:\/\/cc-west-usa.oss-accelerate.aliyuncs.com\/2669fe32-4ca5-4c1f-b53b-fcfe07ba4315.jpg\" alt=\"\"><br \/>\n<img decoding=\"async\" style=\"max-width: 100%;\" src=\"https:\/\/cc-west-usa.oss-accelerate.aliyuncs.com\/290b4528-e367-4c15-8ee7-3b5ce6465409.jpg\" alt=\"\"><br \/>\n<img decoding=\"async\" style=\"max-width: 100%;\" src=\"https:\/\/cc-west-usa.oss-accelerate.aliyuncs.com\/838f2eab-fdbf-42b2-b1fd-b830652fb0ad.jpg\" alt=\"\"><br \/>\n<img decoding=\"async\" style=\"max-width: 100%;\" src=\"https:\/\/cc-west-usa.oss-accelerate.aliyuncs.com\/0ecf136a-e423-48a6-91b2-ab1b063485ac.jpg\" alt=\"\"><br \/>\n<img decoding=\"async\" style=\"max-width: 100%;\" src=\"https:\/\/cc-west-usa.oss-accelerate.aliyuncs.com\/3ea489d2-25d6-4d5f-9624-fafa5fd687e8.jpg\" alt=\"\"><\/p>","protected":false},"excerpt":{"rendered":"<p>Maillot de bain pour femmes rondes con\u00e7u pour c\u00e9l\u00e9brer vos courbes avec style et confort. Sentez-vous en pleine possession de vos moyens \u00e0 la plage ou \u00e0 la piscine. D\u00e9couvrez notre collection d\u00e8s aujourd'hui !<\/p>","protected":false},"featured_media":10227,"comment_status":"open","ping_status":"closed","template":"","meta":[],"product_brand":[],"product_cat":[39],"product_tag":[],"class_list":{"0":"post-10236","1":"product","2":"type-product","3":"status-publish","4":"has-post-thumbnail","6":"product_cat-swimsuit","8":"first","9":"instock","10":"sale","11":"taxable","12":"shipping-taxable","13":"purchasable","14":"product-type-variable"},"_links":{"self":[{"href":"https:\/\/beacheden.com\/fr\/wp-json\/wp\/v2\/product\/10236","targetHints":{"allow":["GET"]}}],"collection":[{"href":"https:\/\/beacheden.com\/fr\/wp-json\/wp\/v2\/product"}],"about":[{"href":"https:\/\/beacheden.com\/fr\/wp-json\/wp\/v2\/types\/product"}],"replies":[{"embeddable":true,"href":"https:\/\/beacheden.com\/fr\/wp-json\/wp\/v2\/comments?post=10236"}],"wp:featuredmedia":[{"embeddable":true,"href":"https:\/\/beacheden.com\/fr\/wp-json\/wp\/v2\/media\/10227"}],"wp:attachment":[{"href":"https:\/\/beacheden.com\/fr\/wp-json\/wp\/v2\/media?parent=10236"}],"wp:term":[{"taxonomy":"product_brand","embeddable":true,"href":"https:\/\/beacheden.com\/fr\/wp-json\/wp\/v2\/product_brand?post=10236"},{"taxonomy":"product_cat","embeddable":true,"href":"https:\/\/beacheden.com\/fr\/wp-json\/wp\/v2\/product_cat?post=10236"},{"taxonomy":"product_tag","embeddable":true,"href":"https:\/\/beacheden.com\/fr\/wp-json\/wp\/v2\/product_tag?post=10236"}],"curies":[{"name":"wp","href":"https:\/\/api.w.org\/{rel}","templated":true}]}}