{"id":10216,"date":"2023-06-02T10:44:45","date_gmt":"2023-06-02T17:44:45","guid":{"rendered":"https:\/\/beacheden.com\/shop\/uncategorized\/women-plus-size-swimsuit-solid-padded-vintage\/"},"modified":"2025-11-01T13:49:22","modified_gmt":"2025-11-01T20:49:22","slug":"maillot-de-bain-solide-et-rembourre","status":"publish","type":"product","link":"https:\/\/beacheden.com\/fr\/maillot-de-bain-solide-et-rembourre\/","title":{"rendered":"Maillot de bain taille plus pour femmes, solide et rembourr\u00e9, vintage"},"content":{"rendered":"<p><b>Informations sur le produit :<\/b><\/p>\n<p>Style : maillot de bain une pi\u00e8ce<\/p>\n<p>Sexe applicable : f\u00e9minin<\/p>\n<p>Groupe d'\u00e2ge concern\u00e9 : adulte<\/p>\n<p>Tra\u00een\u00e9e ou non avec de l'acier : avec coussinet thoracique sans support en acier<\/p>\n<p>Nom du tissu : m\u00e9lange de fibres chimiques<\/p>\n<p>Composition du tissu : Fibre de polyester (polyester)<\/p>\n<p>Sc\u00e8ne applicable : <a href=\"https:\/\/beacheden.com\/fr\/maillot-de-bain-une-piece-creux-a-encolure-en-v-avec-coutures-en-maille\/?wmc-currency=EUR\" title=\"Maillot de bain une pi\u00e8ce \u00e0 col en V creux et coutures en maille\" target=\"_blank\" rel=\"noopener\"  data-wpil-monitor-id=\"187\">la natation et le pataugeage<\/a><\/p>\n<p><b>Informations sur la taille :<\/b><\/p>\n<p>Taille : 0XL, 1XL, 2XL, 3XL, 4XL<\/p>\n<p><img decoding=\"async\" src=\"https:\/\/cbu01.alicdn.com\/img\/ibank\/O1CN01wV7Osc22cAgW8p4MM_!!3684057140-0-cib.jpg?__r__=1661259006102\" alt=\"ind\u00e9fini\" \/><\/p>\n<p><b><\/p>\n<p><\/b><\/p>\n<p><b>Remarque :<\/b><\/p>\n<p>1. Les tailles asiatiques sont 1 \u00e0 2 tailles plus petites que les tailles <a href=\"https:\/\/beacheden.com\/fr\/maillot-de-bain-solide-et-rembourre\/?wmc-currency=EUR\" title=\"Maillot de bain taille plus pour femmes, solide et rembourr\u00e9, vintage\" target=\"_blank\" rel=\"noopener\"  data-wpil-monitor-id=\"55\">Europ\u00e9en et am\u00e9ricain<\/a> personnes. Choisissez la taille la plus grande si votre taille se situe entre deux tailles. Veuillez tenir compte d'une diff\u00e9rence de 2 \u00e0 3 cm due aux mesures manuelles.<\/p>\n<p>2. Si vous ne savez pas comment choisir votre taille, veuillez contacter notre service client\u00e8le.<\/p>\n<p>3. comme vous le savez, les ordinateurs affichent les couleurs diff\u00e9remment, la couleur de l'article r\u00e9el peut varier l\u00e9g\u00e8rement par rapport aux images suivantes.<\/p>\n<p><b><\/p>\n<p><\/b><\/p>\n<p><b>Liste d'emballage :<\/b><\/p>\n<p>Maillot de bain*1<\/p>\n<p><b><\/p>\n<p><\/b><\/p>\n<p><b>Image du produit :<\/b><\/p>\n<p><img loading=\"lazy\" decoding=\"async\" class=\"alignnone\" src=\"https:\/\/cbu01.alicdn.com\/img\/ibank\/O1CN01ZYPotF22cAgZgIHfz_!!3684057140-0-cib.jpg?__r__=1661259000115\" alt=\"Maillot de bain solide et rembourr\u00e9\" width=\"750\" height=\"999\" \/><br \/>\n<img decoding=\"async\" src=\"https:\/\/cbu01.alicdn.com\/img\/ibank\/O1CN01uwXUra22cAgRIGhFu_!!3684057140-0-cib.jpg?__r__=1661259000115\" alt=\"ind\u00e9fini\" \/><br \/>\n<img decoding=\"async\" src=\"https:\/\/cbu01.alicdn.com\/img\/ibank\/O1CN01YsnWP122cAgW8naos_!!3684057140-0-cib.jpg?__r__=1661259000115\" alt=\"ind\u00e9fini\" \/><br \/>\n<img decoding=\"async\" src=\"https:\/\/cbu01.alicdn.com\/img\/ibank\/O1CN01EaG2c022cAgYqi8Qv_!!3684057140-0-cib.jpg?__r__=1661259000115\" alt=\"ind\u00e9fini\" \/><br \/>\n<img decoding=\"async\" src=\"https:\/\/cbu01.alicdn.com\/img\/ibank\/O1CN01kO1m7U22cAgZgGXbW_!!3684057140-0-cib.jpg?__r__=1661259000115\" alt=\"ind\u00e9fini\" \/><br \/>\n<img decoding=\"async\" src=\"https:\/\/cbu01.alicdn.com\/img\/ibank\/O1CN01pCxR4S22cAgW8kuYA_!!3684057140-0-cib.jpg?__r__=1661259000115\" alt=\"ind\u00e9fini\" \/><br \/>\n<img decoding=\"async\" src=\"https:\/\/cbu01.alicdn.com\/img\/ibank\/O1CN01gLAyYB22cAgYqj8pL_!!3684057140-0-cib.jpg?__r__=1661259000115\" alt=\"ind\u00e9fini\" \/><br \/>\n<img decoding=\"async\" src=\"https:\/\/cbu01.alicdn.com\/img\/ibank\/O1CN01GgfHbz22cAgW8m7Pt_!!3684057140-0-cib.jpg?__r__=1661259000115\" alt=\"ind\u00e9fini\" \/><\/p>","protected":false},"excerpt":{"rendered":"<p>Le maillot de bain solide et rembourr\u00e9 offre un confort, une forme et un style in\u00e9gal\u00e9s. Con\u00e7u pour renforcer la confiance en soi, c'est la solution ultime en mati\u00e8re de maillots de bain.<\/p>","protected":false},"featured_media":10210,"comment_status":"open","ping_status":"closed","template":"","meta":[],"product_brand":[],"product_cat":[39],"product_tag":[],"class_list":{"0":"post-10216","1":"product","2":"type-product","3":"status-publish","4":"has-post-thumbnail","6":"product_cat-swimsuit","8":"first","9":"instock","10":"sale","11":"taxable","12":"shipping-taxable","13":"purchasable","14":"product-type-variable"},"_links":{"self":[{"href":"https:\/\/beacheden.com\/fr\/wp-json\/wp\/v2\/product\/10216","targetHints":{"allow":["GET"]}}],"collection":[{"href":"https:\/\/beacheden.com\/fr\/wp-json\/wp\/v2\/product"}],"about":[{"href":"https:\/\/beacheden.com\/fr\/wp-json\/wp\/v2\/types\/product"}],"replies":[{"embeddable":true,"href":"https:\/\/beacheden.com\/fr\/wp-json\/wp\/v2\/comments?post=10216"}],"wp:featuredmedia":[{"embeddable":true,"href":"https:\/\/beacheden.com\/fr\/wp-json\/wp\/v2\/media\/10210"}],"wp:attachment":[{"href":"https:\/\/beacheden.com\/fr\/wp-json\/wp\/v2\/media?parent=10216"}],"wp:term":[{"taxonomy":"product_brand","embeddable":true,"href":"https:\/\/beacheden.com\/fr\/wp-json\/wp\/v2\/product_brand?post=10216"},{"taxonomy":"product_cat","embeddable":true,"href":"https:\/\/beacheden.com\/fr\/wp-json\/wp\/v2\/product_cat?post=10216"},{"taxonomy":"product_tag","embeddable":true,"href":"https:\/\/beacheden.com\/fr\/wp-json\/wp\/v2\/product_tag?post=10216"}],"curies":[{"name":"wp","href":"https:\/\/api.w.org\/{rel}","templated":true}]}}