{"id":10199,"date":"2023-06-02T10:43:24","date_gmt":"2023-06-02T17:43:24","guid":{"rendered":"https:\/\/beacheden.com\/shop\/uncategorized\/plus-size-colorblock-sexy-fat-woman-bikini-swimsuit\/"},"modified":"2025-04-09T11:46:08","modified_gmt":"2025-04-09T18:46:08","slug":"maillot-de-bain-grande-taille-a-carreaux-de-couleur","status":"publish","type":"product","link":"https:\/\/beacheden.com\/fr\/maillot-de-bain-grande-taille-a-carreaux-de-couleur\/","title":{"rendered":"Maillot de bain Plus Size Colorblock Sexy Fat Woman Bikini Swimsuit"},"content":{"rendered":"<p>Faites parler de vous cette saison avec notre <strong>Maillot de bain plus size \u00e0 motifs color\u00e9s <\/strong>Ce maillot de bain a \u00e9t\u00e9 con\u00e7u pour c\u00e9l\u00e9brer vos courbes et faire tourner les t\u00eates \u00e0 la plage ou \u00e0 la piscine. Ce maillot de bain accrocheur associe des couleurs vives \u00e0 une coupe flatteuse, offrant une touche moderne aux maillots de bain classiques. Fabriqu\u00e9 dans un tissu extensible de haute qualit\u00e9, il assure un confort tout au long de la journ\u00e9e tout en lissant et en soutenant votre silhouette.<\/p>\n<p>Les bretelles r\u00e9glables et la doublure qui contr\u00f4le le ventre assurent une coupe s\u00fbre et rassurante, tandis que les teintes vives ajoutent une touche ludique et sophistiqu\u00e9e. Que vous vous pr\u00e9lassiez au bord de l'eau ou que vous passiez une journ\u00e9e active \u00e0 l'ext\u00e9rieur, ce v\u00eatement est id\u00e9al pour les femmes. <a href=\"https:\/\/beacheden.com\/fr\/maillot-de-bain-coupe-haute\/?wmc-currency=EUR\" title=\"Ladies One Piece Swimsuit Beach Solid Color Swimsuit\" target=\"_blank\" rel=\"noopener\"  data-wpil-monitor-id=\"19\">Le maillot de bain est l'accessoire indispensable de l'\u00e9t\u00e9<\/a>. Adoptez un style audacieux, un confort in\u00e9gal\u00e9, et sentez-vous inarr\u00eatable dans cette pi\u00e8ce incontournable !<\/p>\n<p><b>Informations sur le produit :<\/b><\/p>\n<p>Nom du tissu : polyester<\/p>\n<p>Couleur : rose<\/p>\n<p>Taille : 0XL, 1XL, 2XL, 3XL, 4XL<\/p>\n<p><b>Liste d'emballage :<\/b><\/p>\n<p>Haut+pantalon*1<\/p>\n<p><img decoding=\"async\" src=\"https:\/\/cbu01.alicdn.com\/img\/ibank\/O1CN01x1tgZ21JDkqCh6iIf_!!3894210995-0-cib.jpg\" alt=\"ind\u00e9fini\" \/><\/p>\n<p><img decoding=\"async\" src=\"https:\/\/cbu01.alicdn.com\/img\/ibank\/O1CN01y7xORJ1JDkqBc7VN4_!!3894210995-0-cib.jpg\" alt=\"ind\u00e9fini\" \/><\/p>\n<p><img decoding=\"async\" src=\"https:\/\/cbu01.alicdn.com\/img\/ibank\/O1CN01KlDZ8y1JDkqICT33l_!!3894210995-0-cib.jpg\" alt=\"ind\u00e9fini\" \/><\/p>\n<p><img loading=\"lazy\" decoding=\"async\" class=\"alignnone\" style=\"max-width: 100%;\" src=\"https:\/\/cc-west-usa.oss-accelerate.aliyuncs.com\/053470ee-4554-4833-97fb-ca588ebaa483.jpg\" alt=\"Maillot de bain plus size \u00e0 motifs color\u00e9s\" width=\"1340\" height=\"1785\" \/><br \/>\n<img decoding=\"async\" style=\"max-width: 100%;\" src=\"https:\/\/cc-west-usa.oss-accelerate.aliyuncs.com\/2b9afe5e-0c22-4161-a6f8-275a913fcfe0.jpg\" alt=\"\"><br \/>\n<img decoding=\"async\" style=\"max-width: 100%;\" src=\"https:\/\/cc-west-usa.oss-accelerate.aliyuncs.com\/f84694a2-d861-4551-a5b7-1125e8cf74bc.jpg\" alt=\"\"><br \/>\n<img decoding=\"async\" style=\"max-width: 100%;\" src=\"https:\/\/cc-west-usa.oss-accelerate.aliyuncs.com\/009b3191-e771-48b4-a615-abd101f98b57.jpg\" alt=\"\"><br \/>\n<img decoding=\"async\" style=\"max-width: 100%;\" src=\"https:\/\/cc-west-usa.oss-accelerate.aliyuncs.com\/3223c397-f655-48f0-86a8-f8e3ed5fe585.jpg\" alt=\"\"><\/p>","protected":false},"excerpt":{"rendered":"<p>Maillot de bain taille plus \u00e0 motifs color\u00e9s, con\u00e7u pour mettre en valeur vos courbes et rehausser votre style. Avec ses blocs de couleurs vibrantes et sa coupe parfaite, il est id\u00e9al pour les journ\u00e9es \u00e0 la piscine ou \u00e0 la plage. Prenez confiance en vous sans effort !<\/p>","protected":false},"featured_media":10193,"comment_status":"open","ping_status":"closed","template":"","meta":[],"product_brand":[],"product_cat":[40],"product_tag":[],"class_list":{"0":"post-10199","1":"product","2":"type-product","3":"status-publish","4":"has-post-thumbnail","6":"product_cat-bikini","8":"first","9":"instock","10":"taxable","11":"shipping-taxable","12":"purchasable","13":"product-type-variable"},"_links":{"self":[{"href":"https:\/\/beacheden.com\/fr\/wp-json\/wp\/v2\/product\/10199","targetHints":{"allow":["GET"]}}],"collection":[{"href":"https:\/\/beacheden.com\/fr\/wp-json\/wp\/v2\/product"}],"about":[{"href":"https:\/\/beacheden.com\/fr\/wp-json\/wp\/v2\/types\/product"}],"replies":[{"embeddable":true,"href":"https:\/\/beacheden.com\/fr\/wp-json\/wp\/v2\/comments?post=10199"}],"wp:featuredmedia":[{"embeddable":true,"href":"https:\/\/beacheden.com\/fr\/wp-json\/wp\/v2\/media\/10193"}],"wp:attachment":[{"href":"https:\/\/beacheden.com\/fr\/wp-json\/wp\/v2\/media?parent=10199"}],"wp:term":[{"taxonomy":"product_brand","embeddable":true,"href":"https:\/\/beacheden.com\/fr\/wp-json\/wp\/v2\/product_brand?post=10199"},{"taxonomy":"product_cat","embeddable":true,"href":"https:\/\/beacheden.com\/fr\/wp-json\/wp\/v2\/product_cat?post=10199"},{"taxonomy":"product_tag","embeddable":true,"href":"https:\/\/beacheden.com\/fr\/wp-json\/wp\/v2\/product_tag?post=10199"}],"curies":[{"name":"wp","href":"https:\/\/api.w.org\/{rel}","templated":true}]}}