{"id":10180,"date":"2023-06-02T10:35:24","date_gmt":"2023-06-02T17:35:24","guid":{"rendered":"https:\/\/beacheden.com\/shop\/uncategorized\/printed-hard-pack-pressure-bar-conjoined-printing\/"},"modified":"2025-12-07T15:45:47","modified_gmt":"2025-12-07T23:45:47","slug":"maillot-de-bain-a-barre-de-pression","status":"publish","type":"product","link":"https:\/\/beacheden.com\/fr\/maillot-de-bain-a-barre-de-pression\/","title":{"rendered":"Emballage rigide imprim\u00e9 barre de pression impression conjointe"},"content":{"rendered":"<p>Style: one-piece swimsuit<\/p>\n<p>Pattern style: sexy, tight<\/p>\n<p>Whether with steel drag: without chest pad with steel bracket<\/p>\n<p>Pattern: printing<\/p>\n<p>Fabric name: Polyester<\/p>\n<p>Fabric composition: spandex<\/p>\n<p>Lining name: polyester<\/p>\n<p>Lining composition: spandex<\/p>\n<p>Lining composition content: 18 (%)<\/p>\n<p>Applicable scenarios: <a href=\"https:\/\/beacheden.com\/hanging-neck-bikini\/\" title=\"Hanging neck collar bikini split swimsuit\" target=\"_blank\" rel=\"noopener\"  data-wpil-monitor-id=\"134\">swimming wading sports<\/a><\/p>\n<p>color: White<\/p>\n<p>Size: M, L, XL, XXL, XXXL, 4XL<\/p>\n<p><!-- [if !mso]&gt;v:* {behavior:url(#default#VML);}o:* {behavior:url(#default#VML);}x:* {behavior:url(#default#VML);}.shape {behavior:url(#default#VML);}&lt;![endif]--><br \/>\n<!--.font0{color:#000000;font-size:12.0pt;font-family:\u5b8b\u4f53;font-weight:400;font-style:normal;text-decoration:none;}br{mso-data-placement:same-cell;}td{padding-top:1px;padding-left:1px;padding-right:1px;mso-ignore:padding;color:#000000;font-size:12.0pt;font-weight:400;font-style:normal;text-decoration:none;font-family:\u5b8b\u4f53;mso-generic-font-family:auto;mso-font-charset:134;mso-number-format:General;border:none;mso-background-source:auto;mso-pattern:auto;text-align:general;vertical-align:middle;white-space:nowrap;mso-rotate:0;mso-protection:locked visible;}.et2{mso-generic-font-family:auto;mso-font-charset:134;text-align:center;}--><\/p>\n<table border=\"0\" width=\"360\" cellspacing=\"0\" cellpadding=\"0\">\n<colgroup>\n<col span=\"5\" width=\"72\" \/> <\/colgroup>\n<tbody>\n<tr>\n<td width=\"72\" height=\"19\">size<\/td>\n<td width=\"72\">Upper bust<\/td>\n<td width=\"72\">Under bust<\/td>\n<td width=\"72\">waist<\/td>\n<td width=\"72\">Hips<\/td>\n<\/tr>\n<tr>\n<td class=\"et2\" height=\"19\">S<\/td>\n<td class=\"et2\">67-69<\/td>\n<td class=\"et2\">63-65<\/td>\n<td class=\"et2\">63-65<\/td>\n<td class=\"et2\">67-69<\/td>\n<\/tr>\n<tr>\n<td class=\"et2\" height=\"19\">M<\/td>\n<td class=\"et2\">71-73<\/td>\n<td class=\"et2\">67-69<\/td>\n<td class=\"et2\">67-69<\/td>\n<td class=\"et2\">71-73<\/td>\n<\/tr>\n<tr>\n<td class=\"et2\" height=\"19\">L<\/td>\n<td class=\"et2\">75-77<\/td>\n<td class=\"et2\">71-73<\/td>\n<td class=\"et2\">71-73<\/td>\n<td class=\"et2\">75-77<\/td>\n<\/tr>\n<tr>\n<td class=\"et2\" height=\"19\">XL<\/td>\n<td class=\"et2\">79-81<\/td>\n<td class=\"et2\">75-77<\/td>\n<td class=\"et2\">75-77<\/td>\n<td class=\"et2\">79-81<\/td>\n<\/tr>\n<tr>\n<td class=\"et2\" height=\"19\">XXL<\/td>\n<td class=\"et2\">81-83<\/td>\n<td class=\"et2\">79-81<\/td>\n<td class=\"et2\">79-81<\/td>\n<td class=\"et2\">83-85<\/td>\n<\/tr>\n<tr>\n<td class=\"et2\" height=\"19\">3XL<\/td>\n<td class=\"et2\">83-85<\/td>\n<td class=\"et2\">81-83<\/td>\n<td class=\"et2\">81-83<\/td>\n<td class=\"et2\">85-87<\/td>\n<\/tr>\n<tr>\n<td class=\"et2\" height=\"19\">4XL<\/td>\n<td class=\"et2\">85-87<\/td>\n<td>83-85<\/td>\n<td>83-85<\/td>\n<td><\/td>\n<\/tr>\n<\/tbody>\n<\/table>\n<p>1. Asian sizes are 1 to 2 sizes smaller than European and American people. Choose the larger size if your size between two sizes. Please allow 2-3cm differences due to manual measurement.<\/p>\n<p>2. Please check the size chart carefully before you buy the item, if you don&#8217;t know how to choose size, please contact our customer service.<\/p>\n<p>3.As\u00a0you\u00a0know,\u00a0the\u00a0different\u00a0computers\u00a0display\u00a0colors\u00a0differently,\u00a0\u00a0the\u00a0color\u00a0of\u00a0the\u00a0actual\u00a0item\u00a0may\u00a0vary\u00a0slightly\u00a0from\u00a0the\u00a0following\u00a0images.<br \/>\n<img loading=\"lazy\" decoding=\"async\" class=\"alignnone\" style=\"font-size: 14px; max-width: 100%;\" src=\"https:\/\/cc-west-usa.oss-accelerate.aliyuncs.com\/2f2541ef-2026-4941-b9f2-e160de3a6eac.jpg\" alt=\"Pressure Bar Swimsuit\" width=\"750\" height=\"840\" \/><br \/>\n<img decoding=\"async\" style=\"font-size: 14px; max-width: 100%;\" src=\"https:\/\/cc-west-usa.oss-accelerate.aliyuncs.com\/e2b346f0-ea1d-46a5-a38e-043e4059d9cb.jpg\" alt=\"\"><br \/>\n<img decoding=\"async\" style=\"font-size: 14px; max-width: 100%;\" src=\"https:\/\/cc-west-usa.oss-accelerate.aliyuncs.com\/ab36f791-3229-476e-80d6-5e4cfab7a8c3.jpg\" alt=\"\"><br \/>\n<img decoding=\"async\" style=\"font-size: 14px; max-width: 100%;\" src=\"https:\/\/cc-west-usa.oss-accelerate.aliyuncs.com\/acb60d20-832d-43c0-9f4e-ec3973fc72f7.jpg\" alt=\"\"><\/p>\n","protected":false},"excerpt":{"rendered":"<p>Le maillot de bain Pressure Bar offre un confort in\u00e9gal\u00e9 et un style \u00e9l\u00e9gant, sculptant votre silhouette avec pr\u00e9cision. Con\u00e7u pour renforcer la confiance en soi, c'est le choix id\u00e9al pour une journ\u00e9e chic \u00e0 la plage ou au bord de la piscine.<\/p>","protected":false},"featured_media":10176,"comment_status":"open","ping_status":"closed","template":"","meta":[],"product_brand":[],"product_cat":[39],"product_tag":[],"class_list":{"0":"post-10180","1":"product","2":"type-product","3":"status-publish","4":"has-post-thumbnail","6":"product_cat-swimsuit","8":"first","9":"instock","10":"sale","11":"taxable","12":"shipping-taxable","13":"purchasable","14":"product-type-variable"},"_links":{"self":[{"href":"https:\/\/beacheden.com\/fr\/wp-json\/wp\/v2\/product\/10180","targetHints":{"allow":["GET"]}}],"collection":[{"href":"https:\/\/beacheden.com\/fr\/wp-json\/wp\/v2\/product"}],"about":[{"href":"https:\/\/beacheden.com\/fr\/wp-json\/wp\/v2\/types\/product"}],"replies":[{"embeddable":true,"href":"https:\/\/beacheden.com\/fr\/wp-json\/wp\/v2\/comments?post=10180"}],"wp:featuredmedia":[{"embeddable":true,"href":"https:\/\/beacheden.com\/fr\/wp-json\/wp\/v2\/media\/10176"}],"wp:attachment":[{"href":"https:\/\/beacheden.com\/fr\/wp-json\/wp\/v2\/media?parent=10180"}],"wp:term":[{"taxonomy":"product_brand","embeddable":true,"href":"https:\/\/beacheden.com\/fr\/wp-json\/wp\/v2\/product_brand?post=10180"},{"taxonomy":"product_cat","embeddable":true,"href":"https:\/\/beacheden.com\/fr\/wp-json\/wp\/v2\/product_cat?post=10180"},{"taxonomy":"product_tag","embeddable":true,"href":"https:\/\/beacheden.com\/fr\/wp-json\/wp\/v2\/product_tag?post=10180"}],"curies":[{"name":"wp","href":"https:\/\/api.w.org\/{rel}","templated":true}]}}