{"id":10153,"date":"2023-05-30T09:27:58","date_gmt":"2023-05-30T16:27:58","guid":{"rendered":"https:\/\/beacheden.com\/shop\/uncategorized\/swimsuit-southeast-asia-hot-sale-hand-crochet-halter-hollow-ins-wind-beach-blouse-top\/"},"modified":"2025-04-23T09:42:32","modified_gmt":"2025-04-23T16:42:32","slug":"top-au-crochet-a-la-main","status":"publish","type":"product","link":"https:\/\/beacheden.com\/fr\/top-au-crochet-a-la-main\/","title":{"rendered":"Maillot de bain Asie du Sud-Est Hot Sale Hand Crochet Halter Hollow Ins Wind Beach Blouse Top"},"content":{"rendered":"<p>Le Top en crochet est un chef-d'\u0153uvre de l'artisanat, con\u00e7u pour apporter une touche d'\u00e9l\u00e9gance et d'individualit\u00e9 \u00e0 votre garde-robe. Chaque pi\u00e8ce est m\u00e9ticuleusement fabriqu\u00e9e \u00e0 la main avec le souci du d\u00e9tail, ce qui lui conf\u00e8re un caract\u00e8re unique et luxueux.<\/p>\n<p>Fabriqu\u00e9 \u00e0 partir d'un fil respirant de premi\u00e8re qualit\u00e9, ce haut offre un confort in\u00e9gal\u00e9 tout en conservant un style chic et sans effort. Que vous vous habilliez pour une occasion sp\u00e9ciale ou que vous restiez d\u00e9contract\u00e9e, ce haut vous offre un confort in\u00e9gal\u00e9 tout en conservant un style chic et sans effort. <a href=\"https:\/\/beacheden.com\/fr\/robe-en-crochet\/?wmc-currency=EUR\" title=\"Robe Vintage \u00e0 motif crochet\u00e9 \u00e0 la main Sweater Tank Top pour femmes\" target=\"_blank\" rel=\"noopener\"  data-wpil-monitor-id=\"221\">Top au crochet<\/a> passe sans effort du jour \u00e0 la nuit.<\/p>\n<p>Son design intemporel et son attrait polyvalent en font un must-have pour toute personne \u00e0 la pointe de la mode. Adoptez l'art de la slow fashion et rehaussez votre look avec ce tr\u00e9sor artisanal unique.<\/p>\n<p><b>Informations sur le produit<\/b><\/p>\n<p>Cat\u00e9gorie de produit : Chemise en dentelle<\/p>\n<p>Nom du tissu : coton<\/p>\n<p>Composition du tissu principal : coton<\/p>\n<p>La teneur en ingr\u00e9dients principaux du tissu : 100%<\/p>\n<p>Composition du tissu principal 2 : coton<\/p>\n<p>Contenu de l'ingr\u00e9dient 2 du tissu principal : 100%<\/p>\n<p>Composition de la doublure : coton<\/p>\n<p>Teneur en ingr\u00e9dients de la doublure : 100%<\/p>\n<p>motif : uni<\/p>\n<p>Style : cardigan<\/p>\n<p>Artisanat : Crochet fleur creux<\/p>\n<p>Type d'\u00e9dition : Libre<\/p>\n<p>Longueur : Style court (40cm\uff1clongueur\u226450cm)<\/p>\n<p>Type de col : col rond<\/p>\n<p>Type de manche : manche princesse<\/p>\n<p>Longueur des manches : manches \u00e0 cinq points \/ manches interm\u00e9diaires<\/p>\n<p>\u00c9l\u00e9ments populaires : dentelle, creux, volants, trous, soie brillante, dos nu, couture, gaze, style boyfriend, r\u00e9paration par points chaotiques, couleur cr\u00e8me glac\u00e9e, couleur macaron<\/p>\n<p><b>Informations sur la taille<\/b><\/p>\n<p>Couleur : blanc, abricot<\/p>\n<p>taille : taille unique<\/p>\n<p><img decoding=\"async\" style=\"max-width: 100%;\" src=\"https:\/\/cc-west-usa.oss-accelerate.aliyuncs.com\/1620100455096.png\" alt=\"\"><\/p>\n<p><b>Remarque :<\/b><\/p>\n<p>1. Les tailles asiatiques sont 1 \u00e0 2 tailles plus petites que les tailles europ\u00e9ennes et am\u00e9ricaines. Choisissez la taille la plus grande si votre taille se situe entre deux tailles. Veuillez tenir compte d'une diff\u00e9rence de 2 \u00e0 3 cm due aux mesures manuelles.<\/p>\n<p>2. Si vous ne savez pas comment choisir votre taille, veuillez contacter notre service client\u00e8le.<\/p>\n<p>3. comme vous le savez, les ordinateurs affichent les couleurs diff\u00e9remment, la couleur de l'article r\u00e9el peut varier l\u00e9g\u00e8rement par rapport aux images suivantes.<\/p>\n<p><b>Liste de colisage<\/b><\/p>\n<p>Haut*1<\/p>\n<p><img loading=\"lazy\" decoding=\"async\" class=\"alignnone\" style=\"max-width: 100%;\" src=\"https:\/\/cc-west-usa.oss-accelerate.aliyuncs.com\/1620100431295.jpg\" alt=\"Top au crochet\" width=\"1000\" height=\"1000\" \/><br \/>\n<img loading=\"lazy\" decoding=\"async\" class=\"alignnone\" style=\"max-width: 100%;\" src=\"https:\/\/cc-west-usa.oss-accelerate.aliyuncs.com\/1620100431274.jpg\" alt=\"Top au crochet\" width=\"1000\" height=\"1000\" \/><br \/>\n<img decoding=\"async\" style=\"max-width: 100%;\" src=\"https:\/\/cc-west-usa.oss-accelerate.aliyuncs.com\/1620100431294.jpg\" alt=\"\"><br \/>\n<img decoding=\"async\" style=\"max-width: 100%;\" src=\"https:\/\/cc-west-usa.oss-accelerate.aliyuncs.com\/1620100431296.jpg\" alt=\"\"><br \/>\n<img decoding=\"async\" style=\"max-width: 100%;\" src=\"https:\/\/cc-west-usa.oss-accelerate.aliyuncs.com\/1620100431297.jpg\" alt=\"\"><br \/>\n<img decoding=\"async\" style=\"max-width: 100%;\" src=\"https:\/\/cc-west-usa.oss-accelerate.aliyuncs.com\/1620100431296.jpg\" alt=\"\"><\/p>","protected":false},"excerpt":{"rendered":"<p>Le top en crochet \u00e0 la main allie un savoir-faire intemporel \u00e0 une touche de modernit\u00e9. L\u00e9ger, \u00e9l\u00e9gant et polyvalent, ajoutez cette pi\u00e8ce unique \u00e0 votre garde-robe d\u00e8s aujourd'hui !<\/p>","protected":false},"featured_media":10144,"comment_status":"open","ping_status":"closed","template":"","meta":[],"product_brand":[],"product_cat":[16],"product_tag":[],"class_list":{"0":"post-10153","1":"product","2":"type-product","3":"status-publish","4":"has-post-thumbnail","6":"product_cat-cover-ups","8":"first","9":"instock","10":"taxable","11":"shipping-taxable","12":"purchasable","13":"product-type-variable"},"_links":{"self":[{"href":"https:\/\/beacheden.com\/fr\/wp-json\/wp\/v2\/product\/10153","targetHints":{"allow":["GET"]}}],"collection":[{"href":"https:\/\/beacheden.com\/fr\/wp-json\/wp\/v2\/product"}],"about":[{"href":"https:\/\/beacheden.com\/fr\/wp-json\/wp\/v2\/types\/product"}],"replies":[{"embeddable":true,"href":"https:\/\/beacheden.com\/fr\/wp-json\/wp\/v2\/comments?post=10153"}],"wp:featuredmedia":[{"embeddable":true,"href":"https:\/\/beacheden.com\/fr\/wp-json\/wp\/v2\/media\/10144"}],"wp:attachment":[{"href":"https:\/\/beacheden.com\/fr\/wp-json\/wp\/v2\/media?parent=10153"}],"wp:term":[{"taxonomy":"product_brand","embeddable":true,"href":"https:\/\/beacheden.com\/fr\/wp-json\/wp\/v2\/product_brand?post=10153"},{"taxonomy":"product_cat","embeddable":true,"href":"https:\/\/beacheden.com\/fr\/wp-json\/wp\/v2\/product_cat?post=10153"},{"taxonomy":"product_tag","embeddable":true,"href":"https:\/\/beacheden.com\/fr\/wp-json\/wp\/v2\/product_tag?post=10153"}],"curies":[{"name":"wp","href":"https:\/\/api.w.org\/{rel}","templated":true}]}}