{"id":10081,"date":"2023-05-29T11:55:26","date_gmt":"2023-05-29T18:55:26","guid":{"rendered":"https:\/\/beacheden.com\/shop\/uncategorized\/fringed-bohemian-swimsuit\/"},"modified":"2025-11-01T13:34:33","modified_gmt":"2025-11-01T20:34:33","slug":"maillot-de-bain-a-franges","status":"publish","type":"product","link":"https:\/\/beacheden.com\/fr\/maillot-de-bain-a-franges\/","title":{"rendered":"Maillot de bain boh\u00e8me \u00e0 franges"},"content":{"rendered":"<p>Faites-vous remarquer cette saison avec le <strong>Maillot de bain \u00e0 franges <\/strong>Ce maillot de bain a \u00e9t\u00e9 con\u00e7u pour faire tourner les t\u00eates et renforcer votre confiance en vous au bord de la plage. Ce maillot de bain accrocheur est orn\u00e9 de franges d\u00e9licates qui s'adaptent sans effort \u00e0 chaque pas, cr\u00e9ant une ambiance \u00e0 la fois ludique et sophistiqu\u00e9e. Fabriqu\u00e9 dans un tissu de haute qualit\u00e9 \u00e0 s\u00e9chage rapide, il assure un confort tout au long de la journ\u00e9e tout en conservant sa forme au fil des jours.<\/p>\n<p>Le maillot de bain \u00e0 franges est con\u00e7u pour flatter toutes les silhouettes. Il offre une coupe confortable et des bretelles r\u00e9glables pour une polyvalence optimale. Que vous vous pr\u00e9lassiez au bord de la piscine ou que vous preniez le soleil \u00e0 la plage, cette pi\u00e8ce chic allie parfaitement style et fonctionnalit\u00e9. Disponible dans une gamme de couleurs vives et de tons neutres intemporels, il y en a pour tous les go\u00fbts.<\/p>\n<p data-spm-anchor-id=\"a2ty_o01.29997173.0.i12.565e7885YopM1l\">Am\u00e9liorez votre <a href=\"https:\/\/beacheden.com\/fr\/bikini-flatteur\/?wmc-currency=EUR\" title=\"Maillot de bain fendu en tissu double couche de couleur unie\" target=\"_blank\" rel=\"noopener\"  data-wpil-monitor-id=\"158\">jeu de maillots de bain - choisissez le maillot de bain \u00e0 franges<\/a> et embrassez un glamour ind\u00e9niable o\u00f9 que votre \u00e9t\u00e9 vous m\u00e8ne !<\/p>\n<p>Nom du tissu : Coton m\u00e9lang\u00e9<\/p>\n<p>Composition du tissu : Acrylique<\/p>\n<p><img decoding=\"async\" style=\"max-width: 100%;\" src=\"https:\/\/cc-west-usa.oss-accelerate.aliyuncs.com\/f7bf25d6-757a-434c-9151-4a22767caa4b.png\" alt=\"\"><\/p>\n<p>1. Les tailles asiatiques sont 1 \u00e0 2 tailles plus petites que les tailles europ\u00e9ennes et am\u00e9ricaines. Choisissez la taille la plus grande si votre taille se situe entre deux tailles. Veuillez tenir compte d'une diff\u00e9rence de 2 \u00e0 3 cm due aux mesures manuelles.<\/p>\n<p>2. Si vous ne savez pas comment choisir votre taille, veuillez contacter notre service client\u00e8le.<\/p>\n<p>3. comme vous le savez, les ordinateurs affichent les couleurs diff\u00e9remment, la couleur de l'article r\u00e9el peut varier l\u00e9g\u00e8rement par rapport aux images suivantes.<\/p>\n<p><img loading=\"lazy\" decoding=\"async\" class=\"alignnone\" style=\"max-width: 100%;\" src=\"https:\/\/cc-west-usa.oss-accelerate.aliyuncs.com\/b6e87b85-680e-471c-8a20-e210bcb82920.jpg\" alt=\"Maillot de bain \u00e0 franges\" width=\"1000\" height=\"1000\" \/><br \/>\n<img loading=\"lazy\" decoding=\"async\" class=\"alignnone\" style=\"font-size: 14px; max-width: 100%;\" src=\"https:\/\/cc-west-usa.oss-accelerate.aliyuncs.com\/3d1933e1-ecac-4bad-92b8-75c760dae256.jpg\" alt=\"Maillot de bain \u00e0 franges\" width=\"1000\" height=\"1000\" \/><br \/>\n<img decoding=\"async\" style=\"font-size: 14px; max-width: 100%;\" src=\"https:\/\/cc-west-usa.oss-accelerate.aliyuncs.com\/38c54d6f-543b-440e-a451-31cfa5a3387c.jpg\" alt=\"\"><br \/>\n<img decoding=\"async\" style=\"font-size: 14px; max-width: 100%;\" src=\"https:\/\/cc-west-usa.oss-accelerate.aliyuncs.com\/e38cc56c-fb63-4922-bf5e-51c5ad25455c.jpg\" alt=\"\"><br \/>\n<img decoding=\"async\" style=\"font-size: 14px; max-width: 100%;\" src=\"https:\/\/cc-west-usa.oss-accelerate.aliyuncs.com\/79352d62-cdde-4d17-b084-10e4c7f45cac.jpg\" alt=\"\"><br \/>\n<img decoding=\"async\" style=\"font-size: 14px; max-width: 100%;\" src=\"https:\/\/cc-west-usa.oss-accelerate.aliyuncs.com\/185d0b64-f460-4833-92a5-6e0bc8ff915e.jpg\" alt=\"\"><br \/>\n<img decoding=\"async\" style=\"font-size: 14px; max-width: 100%;\" src=\"https:\/\/cc-west-usa.oss-accelerate.aliyuncs.com\/a5c7e233-81d9-4505-953f-85e3208ed2ff.jpg\" alt=\"\"><br \/>\n<img decoding=\"async\" style=\"font-size: 14px; max-width: 100%;\" src=\"https:\/\/cc-west-usa.oss-accelerate.aliyuncs.com\/c54f516d-859f-4c91-a8cd-6de5f67c3e47.jpg\" alt=\"\"><br \/>\n<img decoding=\"async\" style=\"font-size: 14px; max-width: 100%;\" src=\"https:\/\/cc-west-usa.oss-accelerate.aliyuncs.com\/17377e9c-14b1-4cb0-8443-23ba537cd9dd.jpg\" alt=\"\"><br \/>\n<img decoding=\"async\" style=\"font-size: 14px; max-width: 100%;\" src=\"https:\/\/cc-west-usa.oss-accelerate.aliyuncs.com\/8821e227-f5f0-48ec-bb4c-ac93897970e2.jpg\" alt=\"\"><\/p>","protected":false},"excerpt":{"rendered":"<p>Le maillot de bain Fringed offre un m\u00e9lange d'\u00e9l\u00e9gance et de plaisir. Ses franges uniques flattent toutes les morphologies tout en apportant un mouvement ludique \u00e0 votre look de plage. Plongez dans le luxe avec confort et confiance !<\/p>","protected":false},"featured_media":10071,"comment_status":"open","ping_status":"closed","template":"","meta":[],"product_brand":[],"product_cat":[40],"product_tag":[],"class_list":{"0":"post-10081","1":"product","2":"type-product","3":"status-publish","4":"has-post-thumbnail","6":"product_cat-bikini","8":"first","9":"instock","10":"taxable","11":"shipping-taxable","12":"purchasable","13":"product-type-variable"},"_links":{"self":[{"href":"https:\/\/beacheden.com\/fr\/wp-json\/wp\/v2\/product\/10081","targetHints":{"allow":["GET"]}}],"collection":[{"href":"https:\/\/beacheden.com\/fr\/wp-json\/wp\/v2\/product"}],"about":[{"href":"https:\/\/beacheden.com\/fr\/wp-json\/wp\/v2\/types\/product"}],"replies":[{"embeddable":true,"href":"https:\/\/beacheden.com\/fr\/wp-json\/wp\/v2\/comments?post=10081"}],"wp:featuredmedia":[{"embeddable":true,"href":"https:\/\/beacheden.com\/fr\/wp-json\/wp\/v2\/media\/10071"}],"wp:attachment":[{"href":"https:\/\/beacheden.com\/fr\/wp-json\/wp\/v2\/media?parent=10081"}],"wp:term":[{"taxonomy":"product_brand","embeddable":true,"href":"https:\/\/beacheden.com\/fr\/wp-json\/wp\/v2\/product_brand?post=10081"},{"taxonomy":"product_cat","embeddable":true,"href":"https:\/\/beacheden.com\/fr\/wp-json\/wp\/v2\/product_cat?post=10081"},{"taxonomy":"product_tag","embeddable":true,"href":"https:\/\/beacheden.com\/fr\/wp-json\/wp\/v2\/product_tag?post=10081"}],"curies":[{"name":"wp","href":"https:\/\/api.w.org\/{rel}","templated":true}]}}