{"id":3,"date":"2023-01-18T09:37:17","date_gmt":"2023-01-18T09:37:17","guid":{"rendered":"https:\/\/9-hosting.com\/?page_id=3"},"modified":"2025-07-20T15:39:10","modified_gmt":"2025-07-20T22:39:10","slug":"politique-de-confidentialite","status":"publish","type":"page","link":"https:\/\/beacheden.com\/fr\/politique-de-confidentialite\/","title":{"rendered":"Politique de confidentialit\u00e9"},"content":{"rendered":"<p>Ce site web est g\u00e9r\u00e9 par Beach Eden. Nous prenons votre vie priv\u00e9e tr\u00e8s au s\u00e9rieux, c'est pourquoi nous vous conseillons vivement de lire cette politique tr\u00e8s attentivement car elle contient des informations importantes sur la vie priv\u00e9e :<\/p>\n<p>\uf0b7 qui nous sommes,<\/p>\n<p>\uf0b7 comment et pourquoi nous collectons, stockons, utilisons et partageons des informations personnelles,<\/p>\n<p>\uf0b7 vos droits relatifs \u00e0 vos informations personnelles, et<\/p>\n<p>\uf0b7 comment nous contacter et contacter les autorit\u00e9s de surveillance en cas de r\u00e9clamation.<\/p>\n<h2>Qui sommes-nous ?<\/h2>\n<p>Beach Eden (\" nous \") recueille, utilise et est responsable de certaines informations personnelles vous concernant. Ce faisant, nous sommes r\u00e9gis par le R\u00e8glement g\u00e9n\u00e9ral sur la protection des donn\u00e9es qui s'applique dans toute l'Union europ\u00e9enne (y compris le Royaume-Uni) et nous sommes responsables en tant que \"contr\u00f4leur\" de ces informations personnelles aux fins de ces lois.<\/p>\n<h3>Les informations personnelles que nous recueillons et utilisons<\/h3>\n<p>a) Les informations personnelles que vous nous fournissez<\/p>\n<p>Nous recueillons les informations personnelles suivantes que vous nous fournissez :<\/p>\n<p><a href=\"mailto:contact@beacheden.com\"><span style=\"font-weight: 400;\">contact@beacheden.com<\/span><\/a><\/p>\n<p>Voici quelques exemples de situations dans lesquelles nous recueillons ces informations :<\/p>\n<p><a href=\"mailto:contact@beacheden.com\"><span style=\"font-weight: 400;\">contact@beacheden.com<\/span><\/a><\/p>\n<p>b) Informations personnelles que vous fournissez sur des tiers<\/p>\n<p>Si vous nous communiquez des informations sur une autre personne, vous confirmez que cette personne vous a d\u00e9sign\u00e9 pour agir en son nom et a accept\u00e9 que vous le fassiez :<\/p>\n<p>consentent en leur nom au traitement de leurs donn\u00e9es \u00e0 caract\u00e8re personnel ;<br \/>re\u00e7oit les avis de protection des donn\u00e9es en leur nom ; et<br \/>consentent en leur nom au transfert de leurs donn\u00e9es \u00e0 caract\u00e8re personnel \u00e0 l'\u00e9tranger.<\/p>\n<p>c) Cookies et technologies similaires<\/p>\n<p>Un cookie est un petit fichier texte qui est plac\u00e9 sur votre ordinateur ou votre appareil \u00e9lectronique lorsque vous acc\u00e9dez \u00e0 notre site web. Les technologies similaires comprennent les balises web, les actions tags, les objets locaux partag\u00e9s (\"flash cookies\") et les gifs \u00e0 pixel unique. Ces technologies peuvent \u00eatre utilis\u00e9es pour suivre les actions et les activit\u00e9s des utilisateurs et pour stocker des informations les concernant. Nous utilisons ces cookies et\/ou technologies similaires sur ce site web.<\/p>\n<p>Par exemple, nous pouvons utiliser des cookies pour contr\u00f4ler et\/ou collecter les informations suivantes :<\/p>\n<p>Facebook<\/p>\n<p>Ces informations nous aident \u00e0 \u00e9tablir un profil de nos utilisateurs. Certaines de ces informations peuvent \u00eatre agr\u00e9g\u00e9es ou statistiques, ce qui signifie que nous ne pourrons pas vous identifier individuellement.<\/p>\n<p>Lors de votre premi\u00e8re utilisation de notre site, nous vous demanderons si vous consentez \u00e0 ce que nous utilisions des cookies. Si vous ne le faites pas, les cookies ne seront pas utilis\u00e9s. Par la suite, vous pouvez \u00e0 tout moment refuser l'utilisation de cookies ou configurer votre navigateur pour qu'il n'accepte pas les cookies. Les sites web ci-dessous vous expliquent comment supprimer les cookies de votre navigateur. Toutefois, il se peut que certaines fonctions de notre site web ne fonctionnent pas.<\/p>\n<p>Pour plus d'informations sur notre utilisation des cookies, veuillez consulter notre politique en mati\u00e8re de cookies sur le site Web.<\/p>\n<p>Pour de plus amples informations sur les cookies, veuillez consulter\u00a0<a href=\"http:\/\/www.aboutcookies.org\/\" target=\"_blank\" rel=\"noopener\">www.aboutcookies.org<\/a>\u00a0ou\u00a0<a href=\"http:\/\/www.allaboutcookies.org\/\" target=\"_blank\" rel=\"noopener\">www.allaboutcookies.org<\/a>.<\/p>\n<h3>Comment nous utilisons vos informations personnelles<\/h3>\n<p>Nous recueillons des informations sur nos utilisateurs aux fins suivantes :<\/p>\n<p>pour commande<\/p>\n<h3>Avec qui vos informations peuvent-elles \u00eatre partag\u00e9es ?<\/h3>\n<p>Nous pouvons partager vos informations avec<\/p>\n<p>les organismes charg\u00e9s de l'application de la loi dans le cadre d'une enqu\u00eate visant \u00e0 pr\u00e9venir les activit\u00e9s ill\u00e9gales<\/p>\n<p>Nous ne partagerons pas vos informations personnelles avec des tiers.<\/p>\n<h3>Marketing<\/h3>\n<p>Nous souhaitons vous envoyer des informations sur les produits, les services, les offres, les concours et nos activit\u00e9s susceptibles de vous int\u00e9resser. Ces informations peuvent \u00eatre envoy\u00e9es par courrier, par courriel, par t\u00e9l\u00e9phone, par message texte ou par appel automatis\u00e9.<\/p>\n<p>Nous vous demanderons si vous souhaitez que nous vous envoyions des messages de marketing la premi\u00e8re fois que vous nous fournirez des informations de contact pertinentes (c'est-\u00e0-dire lors d'un achat, de l'inscription \u00e0 un bulletin d'information, de la participation \u00e0 un concours, etc.) Si vous acceptez de recevoir des messages de marketing de notre part, vous pouvez vous d\u00e9sabonner \u00e0 tout moment (voir \"Quels sont vos droits ?\" ci-dessous pour plus d'informations). Si vous avez des questions sur la mani\u00e8re de vous d\u00e9sinscrire ou si vous recevez des messages que vous ne souhaitez pas recevoir, vous pouvez nous contacter en utilisant les coordonn\u00e9es fournies ci-dessous.<\/p>\n<h3>Si des informations personnelles doivent \u00eatre fournies par vous, et si oui, pourquoi ?<\/h3>\n<p>Vous devez fournir les informations suivantes :<\/p>\n<p>Nom<br \/>Adresse<br \/>T\u00e9l\u00e9phone<\/p>\n<p>Cela nous permet de faire ce qui suit :<\/p>\n<p>Nom et adresse de livraison<\/p>\n<p>Nous vous informerons, au moment de la collecte des informations, si vous \u00eates tenu de nous fournir ces informations.<\/p>\n<h4>Dur\u00e9e de conservation des donn\u00e9es personnelles<\/h4>\n<p>Nous conserverons vos informations personnelles pendant les p\u00e9riodes suivantes :<\/p>\n<p>Nom et adresse - 6 ans pour satisfaire \u00e0 la l\u00e9gislation fiscale britannique<\/p>\n<p>Ces p\u00e9riodes ne sont pas plus longues que n\u00e9cessaire dans chaque cas.<\/p>\n<h4>Raisons pour lesquelles nous pouvons collecter et utiliser vos informations personnelles<\/h4>\n<p>Nous nous basons sur les \u00e9l\u00e9ments suivants pour collecter et utiliser vos informations personnelles :<\/p>\n<p>consentement<\/p>\n<p>contrat<\/p>\n<p>obligation l\u00e9gale<\/p>\n<h4>Pr\u00e9server la s\u00e9curit\u00e9 de vos informations<\/h4>\n<p>Nous avons mis en place des mesures de s\u00e9curit\u00e9 appropri\u00e9es pour \u00e9viter que les informations personnelles ne soient accidentellement perdues, utilis\u00e9es ou consult\u00e9es de mani\u00e8re non autoris\u00e9e. Nous limitons l'acc\u00e8s \u00e0 vos informations personnelles aux personnes qui ont un v\u00e9ritable besoin professionnel de les conna\u00eetre. Les personnes qui traitent vos informations le font uniquement de mani\u00e8re autoris\u00e9e et sont soumises \u00e0 un devoir de confidentialit\u00e9.<\/p>\n<p>Nous utiliserons \u00e9galement des mesures technologiques et organisationnelles pour assurer la s\u00e9curit\u00e9 de vos informations.<\/p>\n<p>Nous avons \u00e9galement mis en place des proc\u00e9dures pour faire face \u00e0 toute suspicion de violation de la s\u00e9curit\u00e9 des donn\u00e9es. Nous vous notifierons, ainsi qu'\u00e0 toute autorit\u00e9 de r\u00e9gulation comp\u00e9tente, toute suspicion de violation de la s\u00e9curit\u00e9 des donn\u00e9es lorsque nous sommes l\u00e9galement tenus de le faire.<\/p>\n<p>En effet, bien que nous fassions tous les efforts raisonnables pour s\u00e9curiser vos donn\u00e9es personnelles, en utilisant le site, vous reconnaissez que l'utilisation d'Internet n'est pas enti\u00e8rement s\u00fbre et que, pour cette raison, nous ne pouvons pas garantir la s\u00e9curit\u00e9 ou l'int\u00e9grit\u00e9 des donn\u00e9es personnelles qui sont transf\u00e9r\u00e9es de vous ou vers vous via Internet. Si vous avez des pr\u00e9occupations particuli\u00e8res concernant vos informations, veuillez nous contacter en utilisant les coordonn\u00e9es ci-dessous.<\/p>\n<h4>Transferts de vos informations en dehors de l'EEE<\/h4>\n<p>Nous pouvons \u00eatre amen\u00e9s \u00e0 transf\u00e9rer vos donn\u00e9es personnelles vers les pays suivants, situ\u00e9s en dehors de l'Espace \u00e9conomique europ\u00e9en :<\/p>\n<p>\u00c9TATS-UNIS<\/p>\n<p>Ces transferts seront effectu\u00e9s dans le but de<\/p>\n<p>Les informations personnelles sont envoy\u00e9es \u00e0 notre base de donn\u00e9es qui est h\u00e9berg\u00e9e aux Etats-Unis.<\/p>\n<p>Tout transfert vers ces pays sera effectu\u00e9 sur la base du fait que ce pays, ce territoire ou un ou plusieurs secteurs sp\u00e9cifiques de ce pays, ou encore une organisation internationale, assure un niveau de protection ad\u00e9quat.<\/p>\n<p>Pour plus d'informations sur la base de tout transfert en dehors de l'EEE, nos garanties ou les coordonn\u00e9es de la Commission, veuillez nous contacter comme indiqu\u00e9 ci-dessous. Nous ne transf\u00e9rerons pas vos donn\u00e9es \u00e0 caract\u00e8re personnel en dehors de l'EEE ou \u00e0 une organisation (ou \u00e0 des organismes subordonn\u00e9s) r\u00e9gie par le droit international public ou cr\u00e9\u00e9e en vertu d'un accord entre deux ou plusieurs pays.<\/p>\n<h4>Les enfants et la validit\u00e9 du consentement<\/h4>\n<p>Lorsque nous obtenons le consentement d'un utilisateur, nous prenons des mesures raisonnables pour v\u00e9rifier si l'utilisateur a plus de 13 ans et si l'enfant est suffisamment inform\u00e9 pour donner un consentement valable. Si ce n'est pas le cas, le consentement des parents sera requis pour autoriser le traitement de toute information personnelle.<\/p>\n<h4>Quels sont vos droits ?<\/h4>\n<p>Le r\u00e8glement g\u00e9n\u00e9ral sur la protection des donn\u00e9es vous conf\u00e8re un certain nombre de droits importants et gratuits. En r\u00e9sum\u00e9, il s'agit des droits suivants<\/p>\n<p>\uf0b7<br \/>le traitement \u00e9quitable des informations et la transparence sur la mani\u00e8re dont nous utilisons vos informations personnelles<\/p>\n<p>\uf0b7 l'acc\u00e8s \u00e0 vos informations personnelles et \u00e0 certaines autres informations suppl\u00e9mentaires que le pr\u00e9sent avis de politique de protection de la vie priv\u00e9e est d\u00e9j\u00e0 con\u00e7u pour traiter<\/p>\n<p>\uf0b7 nous demander de corriger toute erreur dans les informations que nous d\u00e9tenons \u00e0 votre sujet<\/p>\n<p>\uf0b7 exiger l'effacement des donn\u00e9es personnelles vous concernant dans certaines situations<\/p>\n<p>\uf0b7 recevoir les informations personnelles vous concernant que vous nous avez fournies, dans un format structur\u00e9, couramment utilis\u00e9 et lisible par machine et avoir le droit de transmettre ces donn\u00e9es \u00e0 un tiers dans certaines situations.<\/p>\n<p>\uf0b7 s'opposer \u00e0 tout moment au traitement des informations personnelles vous concernant \u00e0 des fins de marketing direct<\/p>\n<p>\uf0b7 s'opposer aux d\u00e9cisions prises par des moyens automatis\u00e9s qui produisent des effets juridiques vous concernant ou qui vous affectent de mani\u00e8re significative de fa\u00e7on similaire.<\/p>\n<p>\uf0b7 s'opposer, dans certaines autres situations, \u00e0 ce que nous continuions \u00e0 traiter vos donn\u00e9es \u00e0 caract\u00e8re personnel<\/p>\n<p>\uf0b7 restreindre autrement notre traitement de vos informations personnelles dans certaines circonstances<\/p>\n<p>\uf0b7 demander une indemnisation pour les dommages caus\u00e9s par notre violation des lois sur la protection des donn\u00e9es<\/p>\n<p>Pour plus d'informations sur chacun de ces droits, y compris les circonstances dans lesquelles ils s'appliquent, voir le guide du bureau du commissaire \u00e0 l'information du Royaume-Uni (ICO) sur les droits des individus en vertu du r\u00e8glement g\u00e9n\u00e9ral sur la protection des donn\u00e9es (http:\/\/ico.org.uk\/for-organisations\/guide-to-the-general-data-protection-regulation-gdpr\/individual-rights\/).<\/p>\n<p>Si vous souhaitez exercer l'un de ces droits, veuillez nous contacter :<\/p>\n<p>\uf0b7 nous envoyer un courriel, nous appeler ou nous \u00e9crire<\/p>\n<p>\uf0b7 laissez-nous suffisamment d'informations pour vous identifier<\/p>\n<p>\uf0b7 faites-nous parvenir une preuve de votre identit\u00e9 (une copie de votre permis de conduire, de votre passeport ou d'une carte de cr\u00e9dit\/facture d'\u00e9lectricit\u00e9 r\u00e9cente).<\/p>\n<p>\uf0b7 nous indiquer les informations sur lesquelles porte votre demande<\/p>\n<p>De temps \u00e0 autre, nous pouvons \u00e9galement proposer d'autres m\u00e9thodes pour se d\u00e9sinscrire (opt-out) de tout marketing direct, y compris, par exemple, des boutons de d\u00e9sinscription ou des liens Internet. Si de telles m\u00e9thodes sont propos\u00e9es, veuillez noter qu'apr\u00e8s avoir choisi de vous d\u00e9sabonner, il se peut que vous continuiez \u00e0 recevoir des messages de marketing direct pendant que votre demande est en cours de traitement.<\/p>\n<h5>Comment se plaindre<\/h5>\n<p>Nous esp\u00e9rons pouvoir r\u00e9pondre \u00e0 toute question ou pr\u00e9occupation que vous pourriez avoir concernant l'utilisation de vos informations.<\/p>\n<p>Le r\u00e8glement g\u00e9n\u00e9ral sur la protection des donn\u00e9es vous donne \u00e9galement le droit de d\u00e9poser une plainte aupr\u00e8s d'une autorit\u00e9 de contr\u00f4le, en particulier dans l'\u00c9tat de l'Union europ\u00e9enne (ou de l'Espace \u00e9conomique europ\u00e9en) o\u00f9 vous travaillez, r\u00e9sidez normalement ou dans lequel une violation pr\u00e9sum\u00e9e des lois sur la protection des donn\u00e9es a eu lieu. L'autorit\u00e9 de contr\u00f4le au Royaume-Uni est le commissaire \u00e0 l'information (Information Commissioner) qui peut \u00eatre contact\u00e9 \u00e0 l'adresse https:\/\/ico.org.uk\/concerns\/ ou par t\u00e9l\u00e9phone : 0303 123 1113.<\/p>\n<p>Modifications de la politique de confidentialit\u00e9<\/p>\n<p>Cette politique de confidentialit\u00e9 a \u00e9t\u00e9 publi\u00e9e le 18\/03\/2023 et mise \u00e0 jour pour la derni\u00e8re fois le 18\/03\/2023.<\/p>\n<p>Nous pouvons modifier cette politique de confidentialit\u00e9 de temps \u00e0 autre. Nous vous conseillons de consulter cette politique de temps \u00e0 autre afin de vous assurer que vous \u00eates au courant de la version la plus r\u00e9cente qui s'appliquera chaque fois que vous acc\u00e9derez \u00e0 ce site web. Nous nous efforcerons \u00e9galement d'informer les utilisateurs de toute modification par :<\/p>\n<p>Par une mention sur l'en-t\u00eate du site web<\/p>\n<h5>Nous contacter<\/h5>\n<p>Si vous avez des questions sur cette politique ou sur les informations que nous d\u00e9tenons \u00e0 votre sujet, veuillez nous contacter :<\/p>\n<p>e-mail : <a href=\"mailto:contact@beacheden.com\"><span style=\"font-weight: 400;\">contact@beacheden.com<\/span><\/a><\/p>","protected":false},"excerpt":{"rendered":"","protected":false},"author":1,"featured_media":0,"parent":0,"menu_order":0,"comment_status":"closed","ping_status":"closed","template":"","meta":{"footnotes":""},"class_list":["post-3","page","type-page","status-publish","hentry"],"_links":{"self":[{"href":"https:\/\/beacheden.com\/fr\/wp-json\/wp\/v2\/pages\/3","targetHints":{"allow":["GET"]}}],"collection":[{"href":"https:\/\/beacheden.com\/fr\/wp-json\/wp\/v2\/pages"}],"about":[{"href":"https:\/\/beacheden.com\/fr\/wp-json\/wp\/v2\/types\/page"}],"author":[{"embeddable":true,"href":"https:\/\/beacheden.com\/fr\/wp-json\/wp\/v2\/users\/1"}],"replies":[{"embeddable":true,"href":"https:\/\/beacheden.com\/fr\/wp-json\/wp\/v2\/comments?post=3"}],"version-history":[{"count":1,"href":"https:\/\/beacheden.com\/fr\/wp-json\/wp\/v2\/pages\/3\/revisions"}],"predecessor-version":[{"id":15814,"href":"https:\/\/beacheden.com\/fr\/wp-json\/wp\/v2\/pages\/3\/revisions\/15814"}],"wp:attachment":[{"href":"https:\/\/beacheden.com\/fr\/wp-json\/wp\/v2\/media?parent=3"}],"curies":[{"name":"wp","href":"https:\/\/api.w.org\/{rel}","templated":true}]}}